{"id":17690,"date":"2022-08-27T14:38:28","date_gmt":"2022-08-27T12:38:28","guid":{"rendered":"https:\/\/mysavings.be\/?post_type=product&#038;p=17690"},"modified":"2022-08-27T14:38:28","modified_gmt":"2022-08-27T12:38:28","slug":"planification-successorale-en-pratique","status":"publish","type":"product","link":"https:\/\/mysavings.be\/fr\/nos-produits\/investissement-prive\/rendement-garanti-long-terme\/Information\/planification-successorale-en-pratique\/","title":{"rendered":"Planification successorale en pratique"},"content":{"rendered":"<ul>\n<li><strong>Etape 1<\/strong>: <strong>Donation<\/strong> de l\u2019argent \u00e0 un b\u00e9n\u00e9ficiaire\u00a0; par exemple Pierre donne \u00e0 son neveu Luc qui a 16 ans.<\/li>\n<li><strong>Etape 2<\/strong>: l\u2019argent est plac\u00e9 dans un <strong>contrat d\u2019assurance-vie<\/strong>\n<ul>\n<li><strong>\u200b\u200bPreneur d\u2019assurance<\/strong>: b\u00e9n\u00e9ficiaire (celui ou celle qui a re\u00e7u l\u2019argent, Luc)<\/li>\n<li><strong>Assur\u00e9<\/strong>: b\u00e9n\u00e9ficiaire (Luc)<\/li>\n<li><strong>B\u00e9n\u00e9ficiaire en cas de d\u00e9c\u00e8s<\/strong> de Luc: le donateur (Pierre)<\/li>\n<li><strong>B\u00e9n\u00e9ficiaire en cas de vie<\/strong> (si le contrat a un terme): b\u00e9n\u00e9ficiaire (Luc)\u200b<\/li>\n<\/ul>\n<\/li>\n<li><strong>Etape 3<\/strong>: Pr\u00e9voir une <strong>clause de retour conventionnelle<\/strong>:\n<ul>\n<li>cela signifie qu\u2019en cas de d\u00e9c\u00e8s du donataire avant le donateur, les biens donn\u00e9s reviennent au donateur sans que des droits de succession ne soient dus. En d\u2019autres mots, la donation est compl\u00e8tement annul\u00e9e et retourne \u00e0 son propri\u00e9taire initial. Faites attention \u00e0 ce que l\u2019ensemble des conditions n\u00e9cessaires pour la bonne application de cette clause soient reprises dans votre contrat. Le capital qui retourne au donateur peut \u00eatre plus important que le capital donn\u00e9 (li\u00e9 aux int\u00e9r\u00eats), l\u2019exc\u00e9dent est soumis aux droits de succession. Vous pouvez lors de la r\u00e9daction du contrat stipuler si cet exc\u00e9dent doit ou non retourner chez le donateur ou tomber dans la succession<\/li>\n<\/ul>\n<\/li>\n<li><strong>Etape 4<\/strong>: Le donateur doit <strong>accepter formellement le b\u00e9n\u00e9fice<\/strong> <strong>du contrat<\/strong> afin de s\u2019assurer que le preneur d\u2019assurance ne puisse rien r\u00e9cup\u00e9rer ni transmettre les droits du contrat sans l\u2019accord formel du donateur.<\/li>\n<li><strong>Etape 5<\/strong>: Le donateur peut pr\u00e9voir le <strong>paiement d\u2019une rente annuelle <\/strong>\u00e0 son profit, id\u00e9alement limit\u00e9e \u00e0 4% par an du montant donn\u00e9.<\/li>\n<li><strong>Etape 6<\/strong>: En cas de d\u00e9c\u00e8s du donateur<strong> 3 ans apr\u00e8s la donation<\/strong>, aucun droit de succession n\u2019est du. Dans le cas d\u2019un d\u00e9c\u00e8s annonc\u00e9 dans les 3 ans, il est toujours possible d\u2019aller enregistrer la donation en \u00ab\u00a0derni\u00e8re minute\u00a0\u00bb pour faire sauter cette condition des 3 ans.<\/li>\n<\/ul>\n<p><strong>Il n&rsquo;y a pas de droits de succession \u00e0 la condition de pouvoir prouver les \u00e9l\u00e9ments suivants:<\/strong><\/p>\n<ul>\n<li>La donation\u00a0(via courrier recommand\u00e9, acte notari\u00e9, donation indirecte ou don manuel).<\/li>\n<li>La date de la donation<\/li>\n<li>L&rsquo;acte de donation doit pr\u00e9voir la clause de retour conventionnelle<\/li>\n<li>L&rsquo;assurance-vie doit \u00eatre correctement souscrite avec le donateur mentionn\u00e9 comme b\u00e9n\u00e9ficiaire en cas de d\u00e9c\u00e8s et le donataire comme preneur et assur\u00e9<\/li>\n<li>il doit \u00eatre express\u00e9ment fait mention dans le contrat de la clause de retour conventionnelle mentionn\u00e9e dans la donation<\/li>\n<\/ul>\n","protected":false},"excerpt":{"rendered":"<p>Etape 1: Donation de l\u2019argent \u00e0 un b\u00e9n\u00e9ficiaire\u00a0; par exemple Pierre donne \u00e0 son neveu Luc qui a 16 ans. Etape 2: l\u2019argent est plac\u00e9 dans un contrat d\u2019assurance-vie \u200b\u200bPreneur d\u2019assurance: b\u00e9n\u00e9ficiaire (celui ou celle qui a re\u00e7u l\u2019argent, Luc) Assur\u00e9: b\u00e9n\u00e9ficiaire (Luc) B\u00e9n\u00e9ficiaire en cas de d\u00e9c\u00e8s de Luc: le donateur (Pierre) B\u00e9n\u00e9ficiaire en [&hellip;]<\/p>\n","protected":false},"featured_media":0,"parent":17674,"menu_order":2,"template":"","class_list":["post-17690","product","type-product","status-publish","hentry"],"acf":[],"yoast_head":"<!-- This site is optimized with the Yoast SEO plugin v27.4 - https:\/\/yoast.com\/product\/yoast-seo-wordpress\/ -->\n<title>La planification successorale en pratique l MySavings, expert pension<\/title>\n<meta name=\"description\" content=\"Vous avez des questions sur la planification successorale ? Demandez votre RDV Gratuit avec l&#039;un de nos experts MySavings.\" \/>\n<meta name=\"robots\" content=\"index, follow, max-snippet:-1, max-image-preview:large, max-video-preview:-1\" \/>\n<link rel=\"canonical\" href=\"https:\/\/mysavings.be\/fr\/nos-produits\/investissement-prive\/rendement-garanti-long-terme\/Information\/planification-successorale-en-pratique\/\" \/>\n<meta property=\"og:locale\" content=\"fr_FR\" \/>\n<meta property=\"og:type\" content=\"article\" \/>\n<meta property=\"og:title\" content=\"La planification successorale en pratique l MySavings, expert pension\" \/>\n<meta property=\"og:description\" content=\"Vous avez des questions sur la planification successorale ? Demandez votre RDV Gratuit avec l&#039;un de nos experts MySavings.\" \/>\n<meta property=\"og:url\" content=\"https:\/\/mysavings.be\/fr\/nos-produits\/investissement-prive\/rendement-garanti-long-terme\/Information\/planification-successorale-en-pratique\/\" \/>\n<meta property=\"og:site_name\" content=\"MySavings\" \/>\n<meta property=\"article:publisher\" content=\"https:\/\/www.facebook.com\/MySavings.be\" \/>\n<meta name=\"twitter:card\" content=\"summary_large_image\" \/>\n<meta name=\"twitter:label1\" content=\"Dur\u00e9e de lecture est.\" \/>\n\t<meta name=\"twitter:data1\" content=\"2 minutes\" \/>\n<script type=\"application\/ld+json\" class=\"yoast-schema-graph\">{\"@context\":\"https:\\\/\\\/schema.org\",\"@graph\":[{\"@type\":\"WebPage\",\"@id\":\"https:\\\/\\\/mysavings.be\\\/fr\\\/nos-produits\\\/investissement-prive\\\/rendement-garanti-long-terme\\\/Information\\\/planification-successorale-en-pratique\\\/\",\"url\":\"https:\\\/\\\/mysavings.be\\\/fr\\\/nos-produits\\\/investissement-prive\\\/rendement-garanti-long-terme\\\/Information\\\/planification-successorale-en-pratique\\\/\",\"name\":\"La planification successorale en pratique l MySavings, expert pension\",\"isPartOf\":{\"@id\":\"https:\\\/\\\/mysavings.be\\\/fr\\\/#website\"},\"datePublished\":\"2022-08-27T12:38:28+00:00\",\"description\":\"Vous avez des questions sur la planification successorale ? Demandez votre RDV Gratuit avec l'un de nos experts MySavings.\",\"breadcrumb\":{\"@id\":\"https:\\\/\\\/mysavings.be\\\/fr\\\/nos-produits\\\/investissement-prive\\\/rendement-garanti-long-terme\\\/Information\\\/planification-successorale-en-pratique\\\/#breadcrumb\"},\"inLanguage\":\"fr-BE\",\"potentialAction\":[{\"@type\":\"ReadAction\",\"target\":[\"https:\\\/\\\/mysavings.be\\\/fr\\\/nos-produits\\\/investissement-prive\\\/rendement-garanti-long-terme\\\/Information\\\/planification-successorale-en-pratique\\\/\"]}]},{\"@type\":\"BreadcrumbList\",\"@id\":\"https:\\\/\\\/mysavings.be\\\/fr\\\/nos-produits\\\/investissement-prive\\\/rendement-garanti-long-terme\\\/Information\\\/planification-successorale-en-pratique\\\/#breadcrumb\",\"itemListElement\":[{\"@type\":\"ListItem\",\"position\":1,\"name\":\"Home\",\"item\":\"https:\\\/\\\/mysavings.be\\\/fr\\\/\"},{\"@type\":\"ListItem\",\"position\":2,\"name\":\"Produits\",\"item\":\"https:\\\/\\\/mysavings.be\\\/fr\\\/nos-produits\\\/\"},{\"@type\":\"ListItem\",\"position\":3,\"name\":\"Investissement priv\u00e9\",\"item\":\"https:\\\/\\\/mysavings.be\\\/fr\\\/nos-produits\\\/investissement-prive\\\/\"},{\"@type\":\"ListItem\",\"position\":4,\"name\":\"Rendement garanti long terme (branche 21)\",\"item\":\"https:\\\/\\\/mysavings.be\\\/fr\\\/nos-produits\\\/investissement-prive\\\/rendement-garanti-long-terme\\\/\"},{\"@type\":\"ListItem\",\"position\":5,\"name\":\"Planification successorale en pratique\"}]},{\"@type\":\"WebSite\",\"@id\":\"https:\\\/\\\/mysavings.be\\\/fr\\\/#website\",\"url\":\"https:\\\/\\\/mysavings.be\\\/fr\\\/\",\"name\":\"MySavings\",\"description\":\"Le meilleur choix pour votre assurance-vie\\\/pension\",\"publisher\":{\"@id\":\"https:\\\/\\\/mysavings.be\\\/fr\\\/#organization\"},\"potentialAction\":[{\"@type\":\"SearchAction\",\"target\":{\"@type\":\"EntryPoint\",\"urlTemplate\":\"https:\\\/\\\/mysavings.be\\\/fr\\\/?s={search_term_string}\"},\"query-input\":{\"@type\":\"PropertyValueSpecification\",\"valueRequired\":true,\"valueName\":\"search_term_string\"}}],\"inLanguage\":\"fr-BE\"},{\"@type\":\"Organization\",\"@id\":\"https:\\\/\\\/mysavings.be\\\/fr\\\/#organization\",\"name\":\"MySavings\",\"url\":\"https:\\\/\\\/mysavings.be\\\/fr\\\/\",\"logo\":{\"@type\":\"ImageObject\",\"inLanguage\":\"fr-BE\",\"@id\":\"https:\\\/\\\/mysavings.be\\\/fr\\\/#\\\/schema\\\/logo\\\/image\\\/\",\"url\":\"https:\\\/\\\/mysavings.be\\\/wp-content\\\/uploads\\\/2021\\\/03\\\/mysavings.svg\",\"contentUrl\":\"https:\\\/\\\/mysavings.be\\\/wp-content\\\/uploads\\\/2021\\\/03\\\/mysavings.svg\",\"width\":219,\"height\":132,\"caption\":\"MySavings\"},\"image\":{\"@id\":\"https:\\\/\\\/mysavings.be\\\/fr\\\/#\\\/schema\\\/logo\\\/image\\\/\"},\"sameAs\":[\"https:\\\/\\\/www.facebook.com\\\/MySavings.be\",\"https:\\\/\\\/www.linkedin.com\\\/company\\\/mysavings\"]}]}<\/script>\n<!-- \/ Yoast SEO plugin. -->","yoast_head_json":{"title":"La planification successorale en pratique l MySavings, expert pension","description":"Vous avez des questions sur la planification successorale ? Demandez votre RDV Gratuit avec l'un de nos experts MySavings.","robots":{"index":"index","follow":"follow","max-snippet":"max-snippet:-1","max-image-preview":"max-image-preview:large","max-video-preview":"max-video-preview:-1"},"canonical":"https:\/\/mysavings.be\/fr\/nos-produits\/investissement-prive\/rendement-garanti-long-terme\/Information\/planification-successorale-en-pratique\/","og_locale":"fr_FR","og_type":"article","og_title":"La planification successorale en pratique l MySavings, expert pension","og_description":"Vous avez des questions sur la planification successorale ? Demandez votre RDV Gratuit avec l'un de nos experts MySavings.","og_url":"https:\/\/mysavings.be\/fr\/nos-produits\/investissement-prive\/rendement-garanti-long-terme\/Information\/planification-successorale-en-pratique\/","og_site_name":"MySavings","article_publisher":"https:\/\/www.facebook.com\/MySavings.be","twitter_card":"summary_large_image","twitter_misc":{"Dur\u00e9e de lecture est.":"2 minutes"},"schema":{"@context":"https:\/\/schema.org","@graph":[{"@type":"WebPage","@id":"https:\/\/mysavings.be\/fr\/nos-produits\/investissement-prive\/rendement-garanti-long-terme\/Information\/planification-successorale-en-pratique\/","url":"https:\/\/mysavings.be\/fr\/nos-produits\/investissement-prive\/rendement-garanti-long-terme\/Information\/planification-successorale-en-pratique\/","name":"La planification successorale en pratique l MySavings, expert pension","isPartOf":{"@id":"https:\/\/mysavings.be\/fr\/#website"},"datePublished":"2022-08-27T12:38:28+00:00","description":"Vous avez des questions sur la planification successorale ? Demandez votre RDV Gratuit avec l'un de nos experts MySavings.","breadcrumb":{"@id":"https:\/\/mysavings.be\/fr\/nos-produits\/investissement-prive\/rendement-garanti-long-terme\/Information\/planification-successorale-en-pratique\/#breadcrumb"},"inLanguage":"fr-BE","potentialAction":[{"@type":"ReadAction","target":["https:\/\/mysavings.be\/fr\/nos-produits\/investissement-prive\/rendement-garanti-long-terme\/Information\/planification-successorale-en-pratique\/"]}]},{"@type":"BreadcrumbList","@id":"https:\/\/mysavings.be\/fr\/nos-produits\/investissement-prive\/rendement-garanti-long-terme\/Information\/planification-successorale-en-pratique\/#breadcrumb","itemListElement":[{"@type":"ListItem","position":1,"name":"Home","item":"https:\/\/mysavings.be\/fr\/"},{"@type":"ListItem","position":2,"name":"Produits","item":"https:\/\/mysavings.be\/fr\/nos-produits\/"},{"@type":"ListItem","position":3,"name":"Investissement priv\u00e9","item":"https:\/\/mysavings.be\/fr\/nos-produits\/investissement-prive\/"},{"@type":"ListItem","position":4,"name":"Rendement garanti long terme (branche 21)","item":"https:\/\/mysavings.be\/fr\/nos-produits\/investissement-prive\/rendement-garanti-long-terme\/"},{"@type":"ListItem","position":5,"name":"Planification successorale en pratique"}]},{"@type":"WebSite","@id":"https:\/\/mysavings.be\/fr\/#website","url":"https:\/\/mysavings.be\/fr\/","name":"MySavings","description":"Le meilleur choix pour votre assurance-vie\/pension","publisher":{"@id":"https:\/\/mysavings.be\/fr\/#organization"},"potentialAction":[{"@type":"SearchAction","target":{"@type":"EntryPoint","urlTemplate":"https:\/\/mysavings.be\/fr\/?s={search_term_string}"},"query-input":{"@type":"PropertyValueSpecification","valueRequired":true,"valueName":"search_term_string"}}],"inLanguage":"fr-BE"},{"@type":"Organization","@id":"https:\/\/mysavings.be\/fr\/#organization","name":"MySavings","url":"https:\/\/mysavings.be\/fr\/","logo":{"@type":"ImageObject","inLanguage":"fr-BE","@id":"https:\/\/mysavings.be\/fr\/#\/schema\/logo\/image\/","url":"https:\/\/mysavings.be\/wp-content\/uploads\/2021\/03\/mysavings.svg","contentUrl":"https:\/\/mysavings.be\/wp-content\/uploads\/2021\/03\/mysavings.svg","width":219,"height":132,"caption":"MySavings"},"image":{"@id":"https:\/\/mysavings.be\/fr\/#\/schema\/logo\/image\/"},"sameAs":["https:\/\/www.facebook.com\/MySavings.be","https:\/\/www.linkedin.com\/company\/mysavings"]}]}},"_links":{"self":[{"href":"https:\/\/mysavings.be\/fr\/wp-json\/wp\/v2\/product\/17690","targetHints":{"allow":["GET"]}}],"collection":[{"href":"https:\/\/mysavings.be\/fr\/wp-json\/wp\/v2\/product"}],"about":[{"href":"https:\/\/mysavings.be\/fr\/wp-json\/wp\/v2\/types\/product"}],"up":[{"embeddable":true,"href":"https:\/\/mysavings.be\/fr\/wp-json\/wp\/v2\/product\/17674"}],"wp:attachment":[{"href":"https:\/\/mysavings.be\/fr\/wp-json\/wp\/v2\/attachment?parent=17690"}],"curies":[{"name":"wp","href":"https:\/\/api.w.org\/{rel}","templated":true}]}}