{"id":17700,"date":"2022-08-27T15:04:54","date_gmt":"2022-08-27T13:04:54","guid":{"rendered":"https:\/\/mysavings.be\/?post_type=product&#038;p=17700"},"modified":"2022-08-27T15:04:54","modified_gmt":"2022-08-27T13:04:54","slug":"fiscalite","status":"publish","type":"product","link":"https:\/\/mysavings.be\/fr\/nos-produits\/investissement-prive\/placement-dynamique\/Information\/fiscalite\/","title":{"rendered":"Fiscalit\u00e9"},"content":{"rendered":"<p>La taxe s\u2019\u00e9l\u00e8ve \u00e0 2% du montant de la prime. En versant 500 euro, 10 euro partent \u00e0 l\u2019\u00e9tat. Il n\u2019y a ensuite plus de taxation (ni pr\u00e9compte mobilier, ni taxe boursi\u00e8re, ni taxation sur la plus-value). Pour \u00eatre tout \u00e0 fait pr\u00e9cis, la <strong>taxe de 2%<\/strong> se calcule de la sorte: vous divisez la prime par 1,02 et la diff\u00e9rence est la taxe. , 500 \u20ac \/ 1,02 = 490,20 \u20ac, la taxe est donc \u00e9gale \u00e0 9,80 \u20ac (un peu moins que 10 \u20ac donc).<\/p>\n<p><strong>En-dehors de cette taxe unique, vous ne payez pas d&rsquo;imp\u00f4ts, pas de pr\u00e9compte mobilier, pas de taxes boursi\u00e8res et pas de taxes sur la plus-value.<\/strong><\/p>\n","protected":false},"excerpt":{"rendered":"<p>La taxe s\u2019\u00e9l\u00e8ve \u00e0 2% du montant de la prime. En versant 500 euro, 10 euro partent \u00e0 l\u2019\u00e9tat. Il n\u2019y a ensuite plus de taxation (ni pr\u00e9compte mobilier, ni taxe boursi\u00e8re, ni taxation sur la plus-value). Pour \u00eatre tout \u00e0 fait pr\u00e9cis, la taxe de 2% se calcule de la sorte: vous divisez la [&hellip;]<\/p>\n","protected":false},"featured_media":0,"parent":17695,"menu_order":2,"template":"","class_list":["post-17700","product","type-product","status-publish","hentry"],"acf":[],"yoast_head":"<!-- This site is optimized with the Yoast SEO plugin v27.5 - https:\/\/yoast.com\/product\/yoast-seo-wordpress\/ -->\n<title>Fiscalit\u00e9 du placement dynamique l MySavings, votre expert pension<\/title>\n<meta name=\"description\" content=\"Vous avez des questions sur la fiscalit\u00e9 du placement dynamique ? Retrouvez les conseils de nos experts l MySavings\" \/>\n<meta name=\"robots\" content=\"index, follow, max-snippet:-1, max-image-preview:large, max-video-preview:-1\" \/>\n<link rel=\"canonical\" href=\"https:\/\/mysavings.be\/fr\/nos-produits\/investissement-prive\/placement-dynamique\/Information\/fiscalite\/\" \/>\n<meta property=\"og:locale\" content=\"fr_FR\" \/>\n<meta property=\"og:type\" content=\"article\" \/>\n<meta property=\"og:title\" content=\"Fiscalit\u00e9 du placement dynamique l MySavings, votre expert pension\" \/>\n<meta property=\"og:description\" content=\"Vous avez des questions sur la fiscalit\u00e9 du placement dynamique ? Retrouvez les conseils de nos experts l MySavings\" \/>\n<meta property=\"og:url\" content=\"https:\/\/mysavings.be\/fr\/nos-produits\/investissement-prive\/placement-dynamique\/Information\/fiscalite\/\" \/>\n<meta property=\"og:site_name\" content=\"MySavings\" \/>\n<meta property=\"article:publisher\" content=\"https:\/\/www.facebook.com\/MySavings.be\" \/>\n<meta name=\"twitter:card\" content=\"summary_large_image\" \/>\n<meta name=\"twitter:label1\" content=\"Dur\u00e9e de lecture est.\" \/>\n\t<meta name=\"twitter:data1\" content=\"1 minute\" \/>\n<script type=\"application\/ld+json\" class=\"yoast-schema-graph\">{\"@context\":\"https:\\\/\\\/schema.org\",\"@graph\":[{\"@type\":\"WebPage\",\"@id\":\"https:\\\/\\\/mysavings.be\\\/fr\\\/nos-produits\\\/investissement-prive\\\/placement-dynamique\\\/Information\\\/fiscalite\\\/\",\"url\":\"https:\\\/\\\/mysavings.be\\\/fr\\\/nos-produits\\\/investissement-prive\\\/placement-dynamique\\\/Information\\\/fiscalite\\\/\",\"name\":\"Fiscalit\u00e9 du placement dynamique l MySavings, votre expert pension\",\"isPartOf\":{\"@id\":\"https:\\\/\\\/mysavings.be\\\/fr\\\/#website\"},\"datePublished\":\"2022-08-27T13:04:54+00:00\",\"description\":\"Vous avez des questions sur la fiscalit\u00e9 du placement dynamique ? Retrouvez les conseils de nos experts l MySavings\",\"breadcrumb\":{\"@id\":\"https:\\\/\\\/mysavings.be\\\/fr\\\/nos-produits\\\/investissement-prive\\\/placement-dynamique\\\/Information\\\/fiscalite\\\/#breadcrumb\"},\"inLanguage\":\"fr-BE\",\"potentialAction\":[{\"@type\":\"ReadAction\",\"target\":[\"https:\\\/\\\/mysavings.be\\\/fr\\\/nos-produits\\\/investissement-prive\\\/placement-dynamique\\\/Information\\\/fiscalite\\\/\"]}]},{\"@type\":\"BreadcrumbList\",\"@id\":\"https:\\\/\\\/mysavings.be\\\/fr\\\/nos-produits\\\/investissement-prive\\\/placement-dynamique\\\/Information\\\/fiscalite\\\/#breadcrumb\",\"itemListElement\":[{\"@type\":\"ListItem\",\"position\":1,\"name\":\"Home\",\"item\":\"https:\\\/\\\/mysavings.be\\\/fr\\\/\"},{\"@type\":\"ListItem\",\"position\":2,\"name\":\"Produits\",\"item\":\"https:\\\/\\\/mysavings.be\\\/fr\\\/nos-produits\\\/\"},{\"@type\":\"ListItem\",\"position\":3,\"name\":\"Investissement priv\u00e9\",\"item\":\"https:\\\/\\\/mysavings.be\\\/fr\\\/nos-produits\\\/investissement-prive\\\/\"},{\"@type\":\"ListItem\",\"position\":4,\"name\":\"Placement dynamique (branche 23)\",\"item\":\"https:\\\/\\\/mysavings.be\\\/fr\\\/nos-produits\\\/investissement-prive\\\/placement-dynamique\\\/\"},{\"@type\":\"ListItem\",\"position\":5,\"name\":\"Fiscalit\u00e9\"}]},{\"@type\":\"WebSite\",\"@id\":\"https:\\\/\\\/mysavings.be\\\/fr\\\/#website\",\"url\":\"https:\\\/\\\/mysavings.be\\\/fr\\\/\",\"name\":\"MySavings\",\"description\":\"Le meilleur choix pour votre assurance-vie\\\/pension\",\"publisher\":{\"@id\":\"https:\\\/\\\/mysavings.be\\\/fr\\\/#organization\"},\"potentialAction\":[{\"@type\":\"SearchAction\",\"target\":{\"@type\":\"EntryPoint\",\"urlTemplate\":\"https:\\\/\\\/mysavings.be\\\/fr\\\/?s={search_term_string}\"},\"query-input\":{\"@type\":\"PropertyValueSpecification\",\"valueRequired\":true,\"valueName\":\"search_term_string\"}}],\"inLanguage\":\"fr-BE\"},{\"@type\":\"Organization\",\"@id\":\"https:\\\/\\\/mysavings.be\\\/fr\\\/#organization\",\"name\":\"MySavings\",\"url\":\"https:\\\/\\\/mysavings.be\\\/fr\\\/\",\"logo\":{\"@type\":\"ImageObject\",\"inLanguage\":\"fr-BE\",\"@id\":\"https:\\\/\\\/mysavings.be\\\/fr\\\/#\\\/schema\\\/logo\\\/image\\\/\",\"url\":\"https:\\\/\\\/mysavings.be\\\/wp-content\\\/uploads\\\/2021\\\/03\\\/mysavings.svg\",\"contentUrl\":\"https:\\\/\\\/mysavings.be\\\/wp-content\\\/uploads\\\/2021\\\/03\\\/mysavings.svg\",\"width\":219,\"height\":132,\"caption\":\"MySavings\"},\"image\":{\"@id\":\"https:\\\/\\\/mysavings.be\\\/fr\\\/#\\\/schema\\\/logo\\\/image\\\/\"},\"sameAs\":[\"https:\\\/\\\/www.facebook.com\\\/MySavings.be\",\"https:\\\/\\\/www.linkedin.com\\\/company\\\/mysavings\"]}]}<\/script>\n<!-- \/ Yoast SEO plugin. -->","yoast_head_json":{"title":"Fiscalit\u00e9 du placement dynamique l MySavings, votre expert pension","description":"Vous avez des questions sur la fiscalit\u00e9 du placement dynamique ? Retrouvez les conseils de nos experts l MySavings","robots":{"index":"index","follow":"follow","max-snippet":"max-snippet:-1","max-image-preview":"max-image-preview:large","max-video-preview":"max-video-preview:-1"},"canonical":"https:\/\/mysavings.be\/fr\/nos-produits\/investissement-prive\/placement-dynamique\/Information\/fiscalite\/","og_locale":"fr_FR","og_type":"article","og_title":"Fiscalit\u00e9 du placement dynamique l MySavings, votre expert pension","og_description":"Vous avez des questions sur la fiscalit\u00e9 du placement dynamique ? Retrouvez les conseils de nos experts l MySavings","og_url":"https:\/\/mysavings.be\/fr\/nos-produits\/investissement-prive\/placement-dynamique\/Information\/fiscalite\/","og_site_name":"MySavings","article_publisher":"https:\/\/www.facebook.com\/MySavings.be","twitter_card":"summary_large_image","twitter_misc":{"Dur\u00e9e de lecture est.":"1 minute"},"schema":{"@context":"https:\/\/schema.org","@graph":[{"@type":"WebPage","@id":"https:\/\/mysavings.be\/fr\/nos-produits\/investissement-prive\/placement-dynamique\/Information\/fiscalite\/","url":"https:\/\/mysavings.be\/fr\/nos-produits\/investissement-prive\/placement-dynamique\/Information\/fiscalite\/","name":"Fiscalit\u00e9 du placement dynamique l MySavings, votre expert pension","isPartOf":{"@id":"https:\/\/mysavings.be\/fr\/#website"},"datePublished":"2022-08-27T13:04:54+00:00","description":"Vous avez des questions sur la fiscalit\u00e9 du placement dynamique ? Retrouvez les conseils de nos experts l MySavings","breadcrumb":{"@id":"https:\/\/mysavings.be\/fr\/nos-produits\/investissement-prive\/placement-dynamique\/Information\/fiscalite\/#breadcrumb"},"inLanguage":"fr-BE","potentialAction":[{"@type":"ReadAction","target":["https:\/\/mysavings.be\/fr\/nos-produits\/investissement-prive\/placement-dynamique\/Information\/fiscalite\/"]}]},{"@type":"BreadcrumbList","@id":"https:\/\/mysavings.be\/fr\/nos-produits\/investissement-prive\/placement-dynamique\/Information\/fiscalite\/#breadcrumb","itemListElement":[{"@type":"ListItem","position":1,"name":"Home","item":"https:\/\/mysavings.be\/fr\/"},{"@type":"ListItem","position":2,"name":"Produits","item":"https:\/\/mysavings.be\/fr\/nos-produits\/"},{"@type":"ListItem","position":3,"name":"Investissement priv\u00e9","item":"https:\/\/mysavings.be\/fr\/nos-produits\/investissement-prive\/"},{"@type":"ListItem","position":4,"name":"Placement dynamique (branche 23)","item":"https:\/\/mysavings.be\/fr\/nos-produits\/investissement-prive\/placement-dynamique\/"},{"@type":"ListItem","position":5,"name":"Fiscalit\u00e9"}]},{"@type":"WebSite","@id":"https:\/\/mysavings.be\/fr\/#website","url":"https:\/\/mysavings.be\/fr\/","name":"MySavings","description":"Le meilleur choix pour votre assurance-vie\/pension","publisher":{"@id":"https:\/\/mysavings.be\/fr\/#organization"},"potentialAction":[{"@type":"SearchAction","target":{"@type":"EntryPoint","urlTemplate":"https:\/\/mysavings.be\/fr\/?s={search_term_string}"},"query-input":{"@type":"PropertyValueSpecification","valueRequired":true,"valueName":"search_term_string"}}],"inLanguage":"fr-BE"},{"@type":"Organization","@id":"https:\/\/mysavings.be\/fr\/#organization","name":"MySavings","url":"https:\/\/mysavings.be\/fr\/","logo":{"@type":"ImageObject","inLanguage":"fr-BE","@id":"https:\/\/mysavings.be\/fr\/#\/schema\/logo\/image\/","url":"https:\/\/mysavings.be\/wp-content\/uploads\/2021\/03\/mysavings.svg","contentUrl":"https:\/\/mysavings.be\/wp-content\/uploads\/2021\/03\/mysavings.svg","width":219,"height":132,"caption":"MySavings"},"image":{"@id":"https:\/\/mysavings.be\/fr\/#\/schema\/logo\/image\/"},"sameAs":["https:\/\/www.facebook.com\/MySavings.be","https:\/\/www.linkedin.com\/company\/mysavings"]}]}},"_links":{"self":[{"href":"https:\/\/mysavings.be\/fr\/wp-json\/wp\/v2\/product\/17700","targetHints":{"allow":["GET"]}}],"collection":[{"href":"https:\/\/mysavings.be\/fr\/wp-json\/wp\/v2\/product"}],"about":[{"href":"https:\/\/mysavings.be\/fr\/wp-json\/wp\/v2\/types\/product"}],"up":[{"embeddable":true,"href":"https:\/\/mysavings.be\/fr\/wp-json\/wp\/v2\/product\/17695"}],"wp:attachment":[{"href":"https:\/\/mysavings.be\/fr\/wp-json\/wp\/v2\/attachment?parent=17700"}],"curies":[{"name":"wp","href":"https:\/\/api.w.org\/{rel}","templated":true}]}}