{"id":685,"date":"2021-02-27T11:23:19","date_gmt":"2021-02-27T10:23:19","guid":{"rendered":"https:\/\/mysavings.be\/nos-produits\/pension-libre-complementaire-pour-salaries-plcs\/"},"modified":"2025-02-24T15:03:04","modified_gmt":"2025-02-24T14:03:04","slug":"pension-libre-complementaire-pour-salaries-plcs","status":"publish","type":"product","link":"https:\/\/mysavings.be\/fr\/nos-produits\/pension\/pension-libre-complementaire-pour-salaries-plcs\/","title":{"rendered":"Pension libre compl\u00e9mentaire pour salari\u00e9s (PLCS)"},"content":{"rendered":"","protected":false},"excerpt":{"rendered":"<p>Un plan de pension sur-mesure pour salari\u00e9s<\/p>\n","protected":false},"featured_media":6520,"parent":614,"menu_order":6,"template":"","class_list":["post-685","product","type-product","status-publish","has-post-thumbnail","hentry"],"acf":[],"yoast_head":"<!-- This site is optimized with the Yoast SEO plugin v27.4 - https:\/\/yoast.com\/product\/yoast-seo-wordpress\/ -->\n<title>Pension | Votre PLCS aux meilleures conditions | MySavings<\/title>\n<meta name=\"description\" content=\"Vous \u00eates employ\u00e9s et d\u00e9sirez vous constituer une pension compl\u00e9mentaire? B\u00e9n\u00e9ficiez d&#039;un PLCS aux meilleures conditions via MySavings.\" \/>\n<meta name=\"robots\" content=\"index, follow, max-snippet:-1, max-image-preview:large, max-video-preview:-1\" \/>\n<link rel=\"canonical\" href=\"https:\/\/mysavings.be\/fr\/nos-produits\/pension\/pension-libre-complementaire-pour-salaries-plcs\/\" \/>\n<meta property=\"og:locale\" content=\"fr_FR\" \/>\n<meta property=\"og:type\" content=\"article\" \/>\n<meta property=\"og:title\" content=\"Pension | Votre PLCS aux meilleures conditions | MySavings\" \/>\n<meta property=\"og:description\" content=\"Vous \u00eates employ\u00e9s et d\u00e9sirez vous constituer une pension compl\u00e9mentaire? B\u00e9n\u00e9ficiez d&#039;un PLCS aux meilleures conditions via MySavings.\" \/>\n<meta property=\"og:url\" content=\"https:\/\/mysavings.be\/fr\/nos-produits\/pension\/pension-libre-complementaire-pour-salaries-plcs\/\" \/>\n<meta property=\"og:site_name\" content=\"MySavings\" \/>\n<meta property=\"article:publisher\" content=\"https:\/\/www.facebook.com\/MySavings.be\" \/>\n<meta property=\"article:modified_time\" content=\"2025-02-24T14:03:04+00:00\" \/>\n<meta property=\"og:image\" content=\"https:\/\/mysavings.be\/wp-content\/uploads\/2021\/02\/green-bokeh-scaled.jpg\" \/>\n\t<meta property=\"og:image:width\" content=\"2560\" \/>\n\t<meta property=\"og:image:height\" content=\"1707\" \/>\n\t<meta property=\"og:image:type\" content=\"image\/jpeg\" \/>\n<meta name=\"twitter:card\" content=\"summary_large_image\" \/>\n<meta name=\"twitter:label1\" content=\"Dur\u00e9e de lecture est.\" \/>\n\t<meta name=\"twitter:data1\" content=\"2 minutes\" \/>\n<script type=\"application\/ld+json\" class=\"yoast-schema-graph\">{\"@context\":\"https:\\\/\\\/schema.org\",\"@graph\":[{\"@type\":\"WebPage\",\"@id\":\"https:\\\/\\\/mysavings.be\\\/fr\\\/nos-produits\\\/pension\\\/pension-libre-complementaire-pour-salaries-plcs\\\/\",\"url\":\"https:\\\/\\\/mysavings.be\\\/fr\\\/nos-produits\\\/pension\\\/pension-libre-complementaire-pour-salaries-plcs\\\/\",\"name\":\"Pension | Votre PLCS aux meilleures conditions | MySavings\",\"isPartOf\":{\"@id\":\"https:\\\/\\\/mysavings.be\\\/fr\\\/#website\"},\"primaryImageOfPage\":{\"@id\":\"https:\\\/\\\/mysavings.be\\\/fr\\\/nos-produits\\\/pension\\\/pension-libre-complementaire-pour-salaries-plcs\\\/#primaryimage\"},\"image\":{\"@id\":\"https:\\\/\\\/mysavings.be\\\/fr\\\/nos-produits\\\/pension\\\/pension-libre-complementaire-pour-salaries-plcs\\\/#primaryimage\"},\"thumbnailUrl\":\"https:\\\/\\\/mysavings.be\\\/wp-content\\\/uploads\\\/2021\\\/02\\\/green-bokeh-scaled.jpg\",\"datePublished\":\"2021-02-27T10:23:19+00:00\",\"dateModified\":\"2025-02-24T14:03:04+00:00\",\"description\":\"Vous \u00eates employ\u00e9s et d\u00e9sirez vous constituer une pension compl\u00e9mentaire? B\u00e9n\u00e9ficiez d'un PLCS aux meilleures conditions via MySavings.\",\"breadcrumb\":{\"@id\":\"https:\\\/\\\/mysavings.be\\\/fr\\\/nos-produits\\\/pension\\\/pension-libre-complementaire-pour-salaries-plcs\\\/#breadcrumb\"},\"inLanguage\":\"fr-BE\",\"potentialAction\":[{\"@type\":\"ReadAction\",\"target\":[\"https:\\\/\\\/mysavings.be\\\/fr\\\/nos-produits\\\/pension\\\/pension-libre-complementaire-pour-salaries-plcs\\\/\"]}]},{\"@type\":\"ImageObject\",\"inLanguage\":\"fr-BE\",\"@id\":\"https:\\\/\\\/mysavings.be\\\/fr\\\/nos-produits\\\/pension\\\/pension-libre-complementaire-pour-salaries-plcs\\\/#primaryimage\",\"url\":\"https:\\\/\\\/mysavings.be\\\/wp-content\\\/uploads\\\/2021\\\/02\\\/green-bokeh-scaled.jpg\",\"contentUrl\":\"https:\\\/\\\/mysavings.be\\\/wp-content\\\/uploads\\\/2021\\\/02\\\/green-bokeh-scaled.jpg\",\"width\":2560,\"height\":1707,\"caption\":\"EIP \\\/ Assurance groupe\"},{\"@type\":\"BreadcrumbList\",\"@id\":\"https:\\\/\\\/mysavings.be\\\/fr\\\/nos-produits\\\/pension\\\/pension-libre-complementaire-pour-salaries-plcs\\\/#breadcrumb\",\"itemListElement\":[{\"@type\":\"ListItem\",\"position\":1,\"name\":\"Home\",\"item\":\"https:\\\/\\\/mysavings.be\\\/fr\\\/\"},{\"@type\":\"ListItem\",\"position\":2,\"name\":\"Produits\",\"item\":\"https:\\\/\\\/mysavings.be\\\/fr\\\/nos-produits\\\/\"},{\"@type\":\"ListItem\",\"position\":3,\"name\":\"Pension\",\"item\":\"https:\\\/\\\/mysavings.be\\\/fr\\\/nos-produits\\\/pension\\\/\"},{\"@type\":\"ListItem\",\"position\":4,\"name\":\"Pension libre compl\u00e9mentaire pour salari\u00e9s (PLCS)\"}]},{\"@type\":\"WebSite\",\"@id\":\"https:\\\/\\\/mysavings.be\\\/fr\\\/#website\",\"url\":\"https:\\\/\\\/mysavings.be\\\/fr\\\/\",\"name\":\"MySavings\",\"description\":\"Le meilleur choix pour votre assurance-vie\\\/pension\",\"publisher\":{\"@id\":\"https:\\\/\\\/mysavings.be\\\/fr\\\/#organization\"},\"potentialAction\":[{\"@type\":\"SearchAction\",\"target\":{\"@type\":\"EntryPoint\",\"urlTemplate\":\"https:\\\/\\\/mysavings.be\\\/fr\\\/?s={search_term_string}\"},\"query-input\":{\"@type\":\"PropertyValueSpecification\",\"valueRequired\":true,\"valueName\":\"search_term_string\"}}],\"inLanguage\":\"fr-BE\"},{\"@type\":\"Organization\",\"@id\":\"https:\\\/\\\/mysavings.be\\\/fr\\\/#organization\",\"name\":\"MySavings\",\"url\":\"https:\\\/\\\/mysavings.be\\\/fr\\\/\",\"logo\":{\"@type\":\"ImageObject\",\"inLanguage\":\"fr-BE\",\"@id\":\"https:\\\/\\\/mysavings.be\\\/fr\\\/#\\\/schema\\\/logo\\\/image\\\/\",\"url\":\"https:\\\/\\\/mysavings.be\\\/wp-content\\\/uploads\\\/2021\\\/03\\\/mysavings.svg\",\"contentUrl\":\"https:\\\/\\\/mysavings.be\\\/wp-content\\\/uploads\\\/2021\\\/03\\\/mysavings.svg\",\"width\":219,\"height\":132,\"caption\":\"MySavings\"},\"image\":{\"@id\":\"https:\\\/\\\/mysavings.be\\\/fr\\\/#\\\/schema\\\/logo\\\/image\\\/\"},\"sameAs\":[\"https:\\\/\\\/www.facebook.com\\\/MySavings.be\",\"https:\\\/\\\/www.linkedin.com\\\/company\\\/mysavings\"]}]}<\/script>\n<!-- \/ Yoast SEO plugin. -->","yoast_head_json":{"title":"Pension | Votre PLCS aux meilleures conditions | MySavings","description":"Vous \u00eates employ\u00e9s et d\u00e9sirez vous constituer une pension compl\u00e9mentaire? B\u00e9n\u00e9ficiez d'un PLCS aux meilleures conditions via MySavings.","robots":{"index":"index","follow":"follow","max-snippet":"max-snippet:-1","max-image-preview":"max-image-preview:large","max-video-preview":"max-video-preview:-1"},"canonical":"https:\/\/mysavings.be\/fr\/nos-produits\/pension\/pension-libre-complementaire-pour-salaries-plcs\/","og_locale":"fr_FR","og_type":"article","og_title":"Pension | Votre PLCS aux meilleures conditions | MySavings","og_description":"Vous \u00eates employ\u00e9s et d\u00e9sirez vous constituer une pension compl\u00e9mentaire? B\u00e9n\u00e9ficiez d'un PLCS aux meilleures conditions via MySavings.","og_url":"https:\/\/mysavings.be\/fr\/nos-produits\/pension\/pension-libre-complementaire-pour-salaries-plcs\/","og_site_name":"MySavings","article_publisher":"https:\/\/www.facebook.com\/MySavings.be","article_modified_time":"2025-02-24T14:03:04+00:00","og_image":[{"width":2560,"height":1707,"url":"https:\/\/mysavings.be\/wp-content\/uploads\/2021\/02\/green-bokeh-scaled.jpg","type":"image\/jpeg"}],"twitter_card":"summary_large_image","twitter_misc":{"Dur\u00e9e de lecture est.":"2 minutes"},"schema":{"@context":"https:\/\/schema.org","@graph":[{"@type":"WebPage","@id":"https:\/\/mysavings.be\/fr\/nos-produits\/pension\/pension-libre-complementaire-pour-salaries-plcs\/","url":"https:\/\/mysavings.be\/fr\/nos-produits\/pension\/pension-libre-complementaire-pour-salaries-plcs\/","name":"Pension | Votre PLCS aux meilleures conditions | MySavings","isPartOf":{"@id":"https:\/\/mysavings.be\/fr\/#website"},"primaryImageOfPage":{"@id":"https:\/\/mysavings.be\/fr\/nos-produits\/pension\/pension-libre-complementaire-pour-salaries-plcs\/#primaryimage"},"image":{"@id":"https:\/\/mysavings.be\/fr\/nos-produits\/pension\/pension-libre-complementaire-pour-salaries-plcs\/#primaryimage"},"thumbnailUrl":"https:\/\/mysavings.be\/wp-content\/uploads\/2021\/02\/green-bokeh-scaled.jpg","datePublished":"2021-02-27T10:23:19+00:00","dateModified":"2025-02-24T14:03:04+00:00","description":"Vous \u00eates employ\u00e9s et d\u00e9sirez vous constituer une pension compl\u00e9mentaire? B\u00e9n\u00e9ficiez d'un PLCS aux meilleures conditions via MySavings.","breadcrumb":{"@id":"https:\/\/mysavings.be\/fr\/nos-produits\/pension\/pension-libre-complementaire-pour-salaries-plcs\/#breadcrumb"},"inLanguage":"fr-BE","potentialAction":[{"@type":"ReadAction","target":["https:\/\/mysavings.be\/fr\/nos-produits\/pension\/pension-libre-complementaire-pour-salaries-plcs\/"]}]},{"@type":"ImageObject","inLanguage":"fr-BE","@id":"https:\/\/mysavings.be\/fr\/nos-produits\/pension\/pension-libre-complementaire-pour-salaries-plcs\/#primaryimage","url":"https:\/\/mysavings.be\/wp-content\/uploads\/2021\/02\/green-bokeh-scaled.jpg","contentUrl":"https:\/\/mysavings.be\/wp-content\/uploads\/2021\/02\/green-bokeh-scaled.jpg","width":2560,"height":1707,"caption":"EIP \/ Assurance groupe"},{"@type":"BreadcrumbList","@id":"https:\/\/mysavings.be\/fr\/nos-produits\/pension\/pension-libre-complementaire-pour-salaries-plcs\/#breadcrumb","itemListElement":[{"@type":"ListItem","position":1,"name":"Home","item":"https:\/\/mysavings.be\/fr\/"},{"@type":"ListItem","position":2,"name":"Produits","item":"https:\/\/mysavings.be\/fr\/nos-produits\/"},{"@type":"ListItem","position":3,"name":"Pension","item":"https:\/\/mysavings.be\/fr\/nos-produits\/pension\/"},{"@type":"ListItem","position":4,"name":"Pension libre compl\u00e9mentaire pour salari\u00e9s (PLCS)"}]},{"@type":"WebSite","@id":"https:\/\/mysavings.be\/fr\/#website","url":"https:\/\/mysavings.be\/fr\/","name":"MySavings","description":"Le meilleur choix pour votre assurance-vie\/pension","publisher":{"@id":"https:\/\/mysavings.be\/fr\/#organization"},"potentialAction":[{"@type":"SearchAction","target":{"@type":"EntryPoint","urlTemplate":"https:\/\/mysavings.be\/fr\/?s={search_term_string}"},"query-input":{"@type":"PropertyValueSpecification","valueRequired":true,"valueName":"search_term_string"}}],"inLanguage":"fr-BE"},{"@type":"Organization","@id":"https:\/\/mysavings.be\/fr\/#organization","name":"MySavings","url":"https:\/\/mysavings.be\/fr\/","logo":{"@type":"ImageObject","inLanguage":"fr-BE","@id":"https:\/\/mysavings.be\/fr\/#\/schema\/logo\/image\/","url":"https:\/\/mysavings.be\/wp-content\/uploads\/2021\/03\/mysavings.svg","contentUrl":"https:\/\/mysavings.be\/wp-content\/uploads\/2021\/03\/mysavings.svg","width":219,"height":132,"caption":"MySavings"},"image":{"@id":"https:\/\/mysavings.be\/fr\/#\/schema\/logo\/image\/"},"sameAs":["https:\/\/www.facebook.com\/MySavings.be","https:\/\/www.linkedin.com\/company\/mysavings"]}]}},"_links":{"self":[{"href":"https:\/\/mysavings.be\/fr\/wp-json\/wp\/v2\/product\/685","targetHints":{"allow":["GET"]}}],"collection":[{"href":"https:\/\/mysavings.be\/fr\/wp-json\/wp\/v2\/product"}],"about":[{"href":"https:\/\/mysavings.be\/fr\/wp-json\/wp\/v2\/types\/product"}],"up":[{"embeddable":true,"href":"https:\/\/mysavings.be\/fr\/wp-json\/wp\/v2\/product\/614"}],"wp:featuredmedia":[{"embeddable":true,"href":"https:\/\/mysavings.be\/fr\/wp-json\/wp\/v2\/attachment\/6520"}],"wp:attachment":[{"href":"https:\/\/mysavings.be\/fr\/wp-json\/wp\/v2\/attachment?parent=685"}],"curies":[{"name":"wp","href":"https:\/\/api.w.org\/{rel}","templated":true}]}}