{"id":883,"date":"2021-02-24T22:39:28","date_gmt":"2021-02-24T21:39:28","guid":{"rendered":"https:\/\/mysavings.be\/nos-produits\/la-regle-des-80-en-pratique\/"},"modified":"2021-04-21T15:21:40","modified_gmt":"2021-04-21T13:21:40","slug":"la-regle-des-80-en-pratique","status":"publish","type":"product","link":"https:\/\/mysavings.be\/fr\/nos-produits\/pension\/eip-assurance-groupe\/Information\/la-regle-des-80-en-pratique\/","title":{"rendered":"La r\u00e8gle des 80% : en pratique"},"content":{"rendered":"<p>Les primes ne sont d\u00e9ductibles dans le chef de votre soci\u00e9t\u00e9 que si elles respectent la r\u00e8gle des 80%. En fonction de divers param\u00e8tres relatifs \u00e0 votre situation personnelle, la somme de toutes vos pensions, convertie en rente, ne peut d\u00e9passer 80% de votre r\u00e9mun\u00e9ration r\u00e9guli\u00e8re annuelle brute. Ceci est la description th\u00e9orique. Comment cela se passe-t-il en pratique\u00a0? Invent\u00e9e dans les ann\u00e9es 80 et d\u00e9finie par les param\u00e8tres suivants\u00a0:<\/p>\n<ul>\n<li><strong>R\u00e9mun\u00e9ration brute<\/strong>, octroy\u00e9e de mani\u00e8re r\u00e9guli\u00e8re (donc pas les tanti\u00e8mes car non r\u00e9guliers), les avantages de toute nature sont pris en compte (cotisations sociales pay\u00e9es par la soci\u00e9t\u00e9, gsm, internet, chauffage, \u00e9lectricit\u00e9, voiture de soci\u00e9t\u00e9, \u2026) il est pr\u00e9f\u00e9rable d\u2019attribuer l\u2019avantage sur base mensuelle si possible.\n<ul>\n<li>\u200bConseil\u00a0: regardez sur votre derni\u00e8re d\u00e9claration d\u2019imp\u00f4t via taxonweb.be, vous trouverez \u00e0 la case 14\/2400.<\/li>\n<li><a href=\"https:\/\/mysavings.be\/fr\/nos-produits\/pension\/eip-assurance-groupe\/article\/determiner-quelle-remuneration-prendre-en-compte-pour-regle-80\/\">Vous trouverez une liste ici.<\/a><\/li>\n<\/ul>\n<\/li>\n<li><strong>Estimation de la pension l\u00e9gale<\/strong> (de mani\u00e8re forfaitaire, vous ne devez pas la calculer)<\/li>\n<li><strong>D\u00e9but de carri\u00e8re au sein de votre soci\u00e9t\u00e9<\/strong>, en g\u00e9n\u00e9ral il s\u2019agit de la date de constitution de celle-ci.<\/li>\n<li><strong>D\u00e9but de votre carri\u00e8re professionnelle<\/strong>, vous pouvez prendre en compte un maximum de 10 ann\u00e9es prest\u00e9es avant le d\u00e9but de votre activit\u00e9 au sein de votre soci\u00e9t\u00e9 actuelle pour le calcul de la r\u00e8gle des 80%.<\/li>\n<li><strong>Vous \u00eates mari\u00e9 ou cohabitant l\u00e9gal<\/strong>, vous pourrez d\u00e8s lors constituer\u00a0un capital pension plus important qu\u2019un c\u00e9libataire (ind\u00e9pendamment du fait que votre partenaire travaille ou non)<\/li>\n<li>Capitaux de pension d\u00e9j\u00e0 constitu\u00e9s dans le cadre de votre activit\u00e9 professionnelle\n<ul>\n<li>Pension Libre Compl\u00e9mentaire pour Ind\u00e9pendants (PLCI)<\/li>\n<li>Avantages INAMI pour professions m\u00e9dicales<\/li>\n<li>Toutes les autres assurances groupe, assurances dirigeant d\u2019entreprise, engagements individuel de pension, provisions de pension interne qui vous attribuent un capital pension<\/li>\n<\/ul>\n<\/li>\n<\/ul>\n<p>Vous pouvez utiliser gratuitement notre simulateur ou facilitez-vous la t\u00e2che en nous envoyant les donn\u00e9es ci-dessus. Nous nous chargerons du calcul et vous enverrons une proposition concr\u00e8te aupr\u00e8s d\u2019un ou plusieurs assureurs au choix (ou nous faisons une proposition nous-m\u00eames) aux meilleures conditions du march\u00e9 (pas de frais d\u2019entr\u00e9e).<\/p>\n","protected":false},"excerpt":{"rendered":"<p>Les primes ne sont d\u00e9ductibles dans le chef de votre soci\u00e9t\u00e9 que si elles respectent la r\u00e8gle des 80%.<\/p>\n","protected":false},"featured_media":0,"parent":669,"menu_order":10,"template":"","class_list":["post-883","product","type-product","status-publish","hentry"],"acf":[],"yoast_head":"<!-- This site is optimized with the Yoast SEO plugin v27.3 - https:\/\/yoast.com\/product\/yoast-seo-wordpress\/ -->\n<title>La r\u00e8gle des 80%: en pratique | MySavings, votre expert pension<\/title>\n<meta name=\"description\" content=\"Profitez d\u00e8s aujourd&#039;hui d&#039;un plan d&#039;\u00e9pargne-pension aux meilleures conditions du march\u00e9 | MySavings\" \/>\n<meta name=\"robots\" content=\"index, follow, max-snippet:-1, max-image-preview:large, max-video-preview:-1\" \/>\n<link rel=\"canonical\" href=\"https:\/\/mysavings.be\/fr\/nos-produits\/pension\/eip-assurance-groupe\/Information\/la-regle-des-80-en-pratique\/\" \/>\n<meta property=\"og:locale\" content=\"fr_FR\" \/>\n<meta property=\"og:type\" content=\"article\" \/>\n<meta property=\"og:title\" content=\"La r\u00e8gle des 80%: en pratique | MySavings, votre expert pension\" \/>\n<meta property=\"og:description\" content=\"Profitez d\u00e8s aujourd&#039;hui d&#039;un plan d&#039;\u00e9pargne-pension aux meilleures conditions du march\u00e9 | MySavings\" \/>\n<meta property=\"og:url\" content=\"https:\/\/mysavings.be\/fr\/nos-produits\/pension\/eip-assurance-groupe\/Information\/la-regle-des-80-en-pratique\/\" \/>\n<meta property=\"og:site_name\" content=\"MySavings\" \/>\n<meta property=\"article:publisher\" content=\"https:\/\/www.facebook.com\/MySavings.be\" \/>\n<meta property=\"article:modified_time\" content=\"2021-04-21T13:21:40+00:00\" \/>\n<meta name=\"twitter:card\" content=\"summary_large_image\" \/>\n<meta name=\"twitter:label1\" content=\"Dur\u00e9e de lecture est.\" \/>\n\t<meta name=\"twitter:data1\" content=\"2 minutes\" \/>\n<script type=\"application\/ld+json\" class=\"yoast-schema-graph\">{\"@context\":\"https:\\\/\\\/schema.org\",\"@graph\":[{\"@type\":\"WebPage\",\"@id\":\"https:\\\/\\\/mysavings.be\\\/fr\\\/nos-produits\\\/pension\\\/eip-assurance-groupe\\\/Information\\\/la-regle-des-80-en-pratique\\\/\",\"url\":\"https:\\\/\\\/mysavings.be\\\/fr\\\/nos-produits\\\/pension\\\/eip-assurance-groupe\\\/Information\\\/la-regle-des-80-en-pratique\\\/\",\"name\":\"La r\u00e8gle des 80%: en pratique | MySavings, votre expert pension\",\"isPartOf\":{\"@id\":\"https:\\\/\\\/mysavings.be\\\/fr\\\/#website\"},\"datePublished\":\"2021-02-24T21:39:28+00:00\",\"dateModified\":\"2021-04-21T13:21:40+00:00\",\"description\":\"Profitez d\u00e8s aujourd'hui d'un plan d'\u00e9pargne-pension aux meilleures conditions du march\u00e9 | MySavings\",\"breadcrumb\":{\"@id\":\"https:\\\/\\\/mysavings.be\\\/fr\\\/nos-produits\\\/pension\\\/eip-assurance-groupe\\\/Information\\\/la-regle-des-80-en-pratique\\\/#breadcrumb\"},\"inLanguage\":\"fr-BE\",\"potentialAction\":[{\"@type\":\"ReadAction\",\"target\":[\"https:\\\/\\\/mysavings.be\\\/fr\\\/nos-produits\\\/pension\\\/eip-assurance-groupe\\\/Information\\\/la-regle-des-80-en-pratique\\\/\"]}]},{\"@type\":\"BreadcrumbList\",\"@id\":\"https:\\\/\\\/mysavings.be\\\/fr\\\/nos-produits\\\/pension\\\/eip-assurance-groupe\\\/Information\\\/la-regle-des-80-en-pratique\\\/#breadcrumb\",\"itemListElement\":[{\"@type\":\"ListItem\",\"position\":1,\"name\":\"Home\",\"item\":\"https:\\\/\\\/mysavings.be\\\/fr\\\/\"},{\"@type\":\"ListItem\",\"position\":2,\"name\":\"Produits\",\"item\":\"https:\\\/\\\/mysavings.be\\\/fr\\\/nos-produits\\\/\"},{\"@type\":\"ListItem\",\"position\":3,\"name\":\"Pension\",\"item\":\"https:\\\/\\\/mysavings.be\\\/fr\\\/nos-produits\\\/pension\\\/\"},{\"@type\":\"ListItem\",\"position\":4,\"name\":\"EIP \\\/ Assurance groupe\",\"item\":\"https:\\\/\\\/mysavings.be\\\/fr\\\/nos-produits\\\/pension\\\/eip-assurance-groupe\\\/\"},{\"@type\":\"ListItem\",\"position\":5,\"name\":\"La r\u00e8gle des 80% : en pratique\"}]},{\"@type\":\"WebSite\",\"@id\":\"https:\\\/\\\/mysavings.be\\\/fr\\\/#website\",\"url\":\"https:\\\/\\\/mysavings.be\\\/fr\\\/\",\"name\":\"MySavings\",\"description\":\"Le meilleur choix pour votre assurance-vie\\\/pension\",\"publisher\":{\"@id\":\"https:\\\/\\\/mysavings.be\\\/fr\\\/#organization\"},\"potentialAction\":[{\"@type\":\"SearchAction\",\"target\":{\"@type\":\"EntryPoint\",\"urlTemplate\":\"https:\\\/\\\/mysavings.be\\\/fr\\\/?s={search_term_string}\"},\"query-input\":{\"@type\":\"PropertyValueSpecification\",\"valueRequired\":true,\"valueName\":\"search_term_string\"}}],\"inLanguage\":\"fr-BE\"},{\"@type\":\"Organization\",\"@id\":\"https:\\\/\\\/mysavings.be\\\/fr\\\/#organization\",\"name\":\"MySavings\",\"url\":\"https:\\\/\\\/mysavings.be\\\/fr\\\/\",\"logo\":{\"@type\":\"ImageObject\",\"inLanguage\":\"fr-BE\",\"@id\":\"https:\\\/\\\/mysavings.be\\\/fr\\\/#\\\/schema\\\/logo\\\/image\\\/\",\"url\":\"https:\\\/\\\/mysavings.be\\\/wp-content\\\/uploads\\\/2021\\\/03\\\/mysavings.svg\",\"contentUrl\":\"https:\\\/\\\/mysavings.be\\\/wp-content\\\/uploads\\\/2021\\\/03\\\/mysavings.svg\",\"width\":219,\"height\":132,\"caption\":\"MySavings\"},\"image\":{\"@id\":\"https:\\\/\\\/mysavings.be\\\/fr\\\/#\\\/schema\\\/logo\\\/image\\\/\"},\"sameAs\":[\"https:\\\/\\\/www.facebook.com\\\/MySavings.be\",\"https:\\\/\\\/www.linkedin.com\\\/company\\\/mysavings\"]}]}<\/script>\n<!-- \/ Yoast SEO plugin. -->","yoast_head_json":{"title":"La r\u00e8gle des 80%: en pratique | MySavings, votre expert pension","description":"Profitez d\u00e8s aujourd'hui d'un plan d'\u00e9pargne-pension aux meilleures conditions du march\u00e9 | MySavings","robots":{"index":"index","follow":"follow","max-snippet":"max-snippet:-1","max-image-preview":"max-image-preview:large","max-video-preview":"max-video-preview:-1"},"canonical":"https:\/\/mysavings.be\/fr\/nos-produits\/pension\/eip-assurance-groupe\/Information\/la-regle-des-80-en-pratique\/","og_locale":"fr_FR","og_type":"article","og_title":"La r\u00e8gle des 80%: en pratique | MySavings, votre expert pension","og_description":"Profitez d\u00e8s aujourd'hui d'un plan d'\u00e9pargne-pension aux meilleures conditions du march\u00e9 | MySavings","og_url":"https:\/\/mysavings.be\/fr\/nos-produits\/pension\/eip-assurance-groupe\/Information\/la-regle-des-80-en-pratique\/","og_site_name":"MySavings","article_publisher":"https:\/\/www.facebook.com\/MySavings.be","article_modified_time":"2021-04-21T13:21:40+00:00","twitter_card":"summary_large_image","twitter_misc":{"Dur\u00e9e de lecture est.":"2 minutes"},"schema":{"@context":"https:\/\/schema.org","@graph":[{"@type":"WebPage","@id":"https:\/\/mysavings.be\/fr\/nos-produits\/pension\/eip-assurance-groupe\/Information\/la-regle-des-80-en-pratique\/","url":"https:\/\/mysavings.be\/fr\/nos-produits\/pension\/eip-assurance-groupe\/Information\/la-regle-des-80-en-pratique\/","name":"La r\u00e8gle des 80%: en pratique | MySavings, votre expert pension","isPartOf":{"@id":"https:\/\/mysavings.be\/fr\/#website"},"datePublished":"2021-02-24T21:39:28+00:00","dateModified":"2021-04-21T13:21:40+00:00","description":"Profitez d\u00e8s aujourd'hui d'un plan d'\u00e9pargne-pension aux meilleures conditions du march\u00e9 | MySavings","breadcrumb":{"@id":"https:\/\/mysavings.be\/fr\/nos-produits\/pension\/eip-assurance-groupe\/Information\/la-regle-des-80-en-pratique\/#breadcrumb"},"inLanguage":"fr-BE","potentialAction":[{"@type":"ReadAction","target":["https:\/\/mysavings.be\/fr\/nos-produits\/pension\/eip-assurance-groupe\/Information\/la-regle-des-80-en-pratique\/"]}]},{"@type":"BreadcrumbList","@id":"https:\/\/mysavings.be\/fr\/nos-produits\/pension\/eip-assurance-groupe\/Information\/la-regle-des-80-en-pratique\/#breadcrumb","itemListElement":[{"@type":"ListItem","position":1,"name":"Home","item":"https:\/\/mysavings.be\/fr\/"},{"@type":"ListItem","position":2,"name":"Produits","item":"https:\/\/mysavings.be\/fr\/nos-produits\/"},{"@type":"ListItem","position":3,"name":"Pension","item":"https:\/\/mysavings.be\/fr\/nos-produits\/pension\/"},{"@type":"ListItem","position":4,"name":"EIP \/ Assurance groupe","item":"https:\/\/mysavings.be\/fr\/nos-produits\/pension\/eip-assurance-groupe\/"},{"@type":"ListItem","position":5,"name":"La r\u00e8gle des 80% : en pratique"}]},{"@type":"WebSite","@id":"https:\/\/mysavings.be\/fr\/#website","url":"https:\/\/mysavings.be\/fr\/","name":"MySavings","description":"Le meilleur choix pour votre assurance-vie\/pension","publisher":{"@id":"https:\/\/mysavings.be\/fr\/#organization"},"potentialAction":[{"@type":"SearchAction","target":{"@type":"EntryPoint","urlTemplate":"https:\/\/mysavings.be\/fr\/?s={search_term_string}"},"query-input":{"@type":"PropertyValueSpecification","valueRequired":true,"valueName":"search_term_string"}}],"inLanguage":"fr-BE"},{"@type":"Organization","@id":"https:\/\/mysavings.be\/fr\/#organization","name":"MySavings","url":"https:\/\/mysavings.be\/fr\/","logo":{"@type":"ImageObject","inLanguage":"fr-BE","@id":"https:\/\/mysavings.be\/fr\/#\/schema\/logo\/image\/","url":"https:\/\/mysavings.be\/wp-content\/uploads\/2021\/03\/mysavings.svg","contentUrl":"https:\/\/mysavings.be\/wp-content\/uploads\/2021\/03\/mysavings.svg","width":219,"height":132,"caption":"MySavings"},"image":{"@id":"https:\/\/mysavings.be\/fr\/#\/schema\/logo\/image\/"},"sameAs":["https:\/\/www.facebook.com\/MySavings.be","https:\/\/www.linkedin.com\/company\/mysavings"]}]}},"_links":{"self":[{"href":"https:\/\/mysavings.be\/fr\/wp-json\/wp\/v2\/product\/883","targetHints":{"allow":["GET"]}}],"collection":[{"href":"https:\/\/mysavings.be\/fr\/wp-json\/wp\/v2\/product"}],"about":[{"href":"https:\/\/mysavings.be\/fr\/wp-json\/wp\/v2\/types\/product"}],"up":[{"embeddable":true,"href":"https:\/\/mysavings.be\/fr\/wp-json\/wp\/v2\/product\/669"}],"wp:attachment":[{"href":"https:\/\/mysavings.be\/fr\/wp-json\/wp\/v2\/attachment?parent=883"}],"curies":[{"name":"wp","href":"https:\/\/api.w.org\/{rel}","templated":true}]}}