{"id":893,"date":"2021-02-24T22:39:31","date_gmt":"2021-02-24T21:39:31","guid":{"rendered":"https:\/\/mysavings.be\/nos-produits\/avantages-sociaux-inami\/"},"modified":"2021-03-22T13:46:54","modified_gmt":"2021-03-22T12:46:54","slug":"avantages-sociaux-inami","status":"publish","type":"product","link":"https:\/\/mysavings.be\/fr\/nos-produits\/pension\/inami-avantages-sociaux\/Information\/avantages-sociaux-inami\/","title":{"rendered":"Avantages sociaux INAMI"},"content":{"rendered":"<p>Si vous \u00eates un <strong>m\u00e9decin, kinesitherapeute, dentiste, logop\u00e8de,\u00a0infirmi\u00e8r(e) ind\u00e9pendant(e) ou un pharmacien conventionn\u00e9<\/strong>, vous recevez chaque ann\u00e9e un montant de l\u2019INAMI en contrepartie des tarifs impos\u00e9s par l\u2019INAMI. Le montant attribu\u00e9 par l\u2019INAMI est investi selon votre choix, soit dans une <strong>Pension Libre Compl\u00e9mentaire sociale <\/strong>et\/ou dans une <strong>couverture revenu garanti<\/strong>. Vous ne pouvez pas opter pour une simple Pension Libre Compl\u00e9mentaire. Vous devez donc choisir la variante sociale, dans laquelle 10% des primes vers\u00e9es vont vers un fonds de solidarit\u00e9. Ce fonds\u00a0offre des garanties en cas d&rsquo;incapacit\u00e9, d\u00e9c\u00e8s, maternit\u00e9,&#8230; qui sont diff\u00e9rentes d&rsquo;une compagnie \u00e0 l&rsquo;autre.<\/p>\n<p><strong>Parall\u00e8lement \u00e0 ce syst\u00e8me<\/strong>, vous pouvez toujours souscrire votre propre Pension Libre Compl\u00e9mentaire (simple ou sociale) et la d\u00e9duire de vos imp\u00f4ts.<\/p>\n<p>Lorsque vous d\u00e9butez, vous avez droit aux avantages sociaux INAMI<strong> d\u00e8s l\u2019ann\u00e9e de l\u2019obtention de votre dipl\u00f4me <\/strong>et pendant votre stage.<\/p>\n<p><a href=\"https:\/\/mysavings.be\/fr\/nos-produits\/pension\/inami-avantages-sociaux\/Information\/notre-conseil-1#info\">Notre Conseil<\/a><\/p>\n","protected":false},"excerpt":{"rendered":"<p>Si vous \u00eates un m\u00e9decin, kinesitherapeute, dentiste, logop\u00e8de,\u00a0infirmi\u00e8r(e) ind\u00e9pendant(e) ou un pharmacien conventionn\u00e9, vous recevez chaque ann\u00e9e un montant de l\u2019INAMI en contrepartie des tarifs impos\u00e9s par l\u2019INAMI. Le montant attribu\u00e9 par l\u2019INAMI est investi selon votre choix, soit dans une Pension Libre Compl\u00e9mentaire sociale et\/ou dans une couverture revenu garanti. Vous ne pouvez pas [&hellip;]<\/p>\n","protected":false},"featured_media":0,"parent":668,"menu_order":1,"template":"","class_list":["post-893","product","type-product","status-publish","hentry"],"acf":[],"yoast_head":"<!-- This site is optimized with the Yoast SEO plugin v27.4 - https:\/\/yoast.com\/product\/yoast-seo-wordpress\/ -->\n<title>Les avantages sociaux INAMI | MySavings, votre expert pension<\/title>\n<meta name=\"description\" content=\"D\u00e9couvrez les avantages sociaux INAMI et les plans pensions auxquels vous avez droit en tant que praticien de la sant\u00e9 | MySavings.\" \/>\n<meta name=\"robots\" content=\"index, follow, max-snippet:-1, max-image-preview:large, max-video-preview:-1\" \/>\n<link rel=\"canonical\" href=\"https:\/\/mysavings.be\/fr\/nos-produits\/pension\/inami-avantages-sociaux\/Information\/avantages-sociaux-inami\/\" \/>\n<meta property=\"og:locale\" content=\"fr_FR\" \/>\n<meta property=\"og:type\" content=\"article\" \/>\n<meta property=\"og:title\" content=\"Les avantages sociaux INAMI | MySavings, votre expert pension\" \/>\n<meta property=\"og:description\" content=\"D\u00e9couvrez les avantages sociaux INAMI et les plans pensions auxquels vous avez droit en tant que praticien de la sant\u00e9 | MySavings.\" \/>\n<meta property=\"og:url\" content=\"https:\/\/mysavings.be\/fr\/nos-produits\/pension\/inami-avantages-sociaux\/Information\/avantages-sociaux-inami\/\" \/>\n<meta property=\"og:site_name\" content=\"MySavings\" \/>\n<meta property=\"article:publisher\" content=\"https:\/\/www.facebook.com\/MySavings.be\" \/>\n<meta property=\"article:modified_time\" content=\"2021-03-22T12:46:54+00:00\" \/>\n<meta name=\"twitter:card\" content=\"summary_large_image\" \/>\n<meta name=\"twitter:label1\" content=\"Dur\u00e9e de lecture est.\" \/>\n\t<meta name=\"twitter:data1\" content=\"1 minute\" \/>\n<script type=\"application\/ld+json\" class=\"yoast-schema-graph\">{\"@context\":\"https:\\\/\\\/schema.org\",\"@graph\":[{\"@type\":\"WebPage\",\"@id\":\"https:\\\/\\\/mysavings.be\\\/fr\\\/nos-produits\\\/pension\\\/inami-avantages-sociaux\\\/Information\\\/avantages-sociaux-inami\\\/\",\"url\":\"https:\\\/\\\/mysavings.be\\\/fr\\\/nos-produits\\\/pension\\\/inami-avantages-sociaux\\\/Information\\\/avantages-sociaux-inami\\\/\",\"name\":\"Les avantages sociaux INAMI | MySavings, votre expert pension\",\"isPartOf\":{\"@id\":\"https:\\\/\\\/mysavings.be\\\/fr\\\/#website\"},\"datePublished\":\"2021-02-24T21:39:31+00:00\",\"dateModified\":\"2021-03-22T12:46:54+00:00\",\"description\":\"D\u00e9couvrez les avantages sociaux INAMI et les plans pensions auxquels vous avez droit en tant que praticien de la sant\u00e9 | MySavings.\",\"breadcrumb\":{\"@id\":\"https:\\\/\\\/mysavings.be\\\/fr\\\/nos-produits\\\/pension\\\/inami-avantages-sociaux\\\/Information\\\/avantages-sociaux-inami\\\/#breadcrumb\"},\"inLanguage\":\"fr-BE\",\"potentialAction\":[{\"@type\":\"ReadAction\",\"target\":[\"https:\\\/\\\/mysavings.be\\\/fr\\\/nos-produits\\\/pension\\\/inami-avantages-sociaux\\\/Information\\\/avantages-sociaux-inami\\\/\"]}]},{\"@type\":\"BreadcrumbList\",\"@id\":\"https:\\\/\\\/mysavings.be\\\/fr\\\/nos-produits\\\/pension\\\/inami-avantages-sociaux\\\/Information\\\/avantages-sociaux-inami\\\/#breadcrumb\",\"itemListElement\":[{\"@type\":\"ListItem\",\"position\":1,\"name\":\"Home\",\"item\":\"https:\\\/\\\/mysavings.be\\\/fr\\\/\"},{\"@type\":\"ListItem\",\"position\":2,\"name\":\"Produits\",\"item\":\"https:\\\/\\\/mysavings.be\\\/fr\\\/nos-produits\\\/\"},{\"@type\":\"ListItem\",\"position\":3,\"name\":\"Pension\",\"item\":\"https:\\\/\\\/mysavings.be\\\/fr\\\/nos-produits\\\/pension\\\/\"},{\"@type\":\"ListItem\",\"position\":4,\"name\":\"INAMI Avantages sociaux\",\"item\":\"https:\\\/\\\/mysavings.be\\\/fr\\\/nos-produits\\\/pension\\\/inami-avantages-sociaux\\\/\"},{\"@type\":\"ListItem\",\"position\":5,\"name\":\"Avantages sociaux INAMI\"}]},{\"@type\":\"WebSite\",\"@id\":\"https:\\\/\\\/mysavings.be\\\/fr\\\/#website\",\"url\":\"https:\\\/\\\/mysavings.be\\\/fr\\\/\",\"name\":\"MySavings\",\"description\":\"Le meilleur choix pour votre assurance-vie\\\/pension\",\"publisher\":{\"@id\":\"https:\\\/\\\/mysavings.be\\\/fr\\\/#organization\"},\"potentialAction\":[{\"@type\":\"SearchAction\",\"target\":{\"@type\":\"EntryPoint\",\"urlTemplate\":\"https:\\\/\\\/mysavings.be\\\/fr\\\/?s={search_term_string}\"},\"query-input\":{\"@type\":\"PropertyValueSpecification\",\"valueRequired\":true,\"valueName\":\"search_term_string\"}}],\"inLanguage\":\"fr-BE\"},{\"@type\":\"Organization\",\"@id\":\"https:\\\/\\\/mysavings.be\\\/fr\\\/#organization\",\"name\":\"MySavings\",\"url\":\"https:\\\/\\\/mysavings.be\\\/fr\\\/\",\"logo\":{\"@type\":\"ImageObject\",\"inLanguage\":\"fr-BE\",\"@id\":\"https:\\\/\\\/mysavings.be\\\/fr\\\/#\\\/schema\\\/logo\\\/image\\\/\",\"url\":\"https:\\\/\\\/mysavings.be\\\/wp-content\\\/uploads\\\/2021\\\/03\\\/mysavings.svg\",\"contentUrl\":\"https:\\\/\\\/mysavings.be\\\/wp-content\\\/uploads\\\/2021\\\/03\\\/mysavings.svg\",\"width\":219,\"height\":132,\"caption\":\"MySavings\"},\"image\":{\"@id\":\"https:\\\/\\\/mysavings.be\\\/fr\\\/#\\\/schema\\\/logo\\\/image\\\/\"},\"sameAs\":[\"https:\\\/\\\/www.facebook.com\\\/MySavings.be\",\"https:\\\/\\\/www.linkedin.com\\\/company\\\/mysavings\"]}]}<\/script>\n<!-- \/ Yoast SEO plugin. -->","yoast_head_json":{"title":"Les avantages sociaux INAMI | MySavings, votre expert pension","description":"D\u00e9couvrez les avantages sociaux INAMI et les plans pensions auxquels vous avez droit en tant que praticien de la sant\u00e9 | MySavings.","robots":{"index":"index","follow":"follow","max-snippet":"max-snippet:-1","max-image-preview":"max-image-preview:large","max-video-preview":"max-video-preview:-1"},"canonical":"https:\/\/mysavings.be\/fr\/nos-produits\/pension\/inami-avantages-sociaux\/Information\/avantages-sociaux-inami\/","og_locale":"fr_FR","og_type":"article","og_title":"Les avantages sociaux INAMI | MySavings, votre expert pension","og_description":"D\u00e9couvrez les avantages sociaux INAMI et les plans pensions auxquels vous avez droit en tant que praticien de la sant\u00e9 | MySavings.","og_url":"https:\/\/mysavings.be\/fr\/nos-produits\/pension\/inami-avantages-sociaux\/Information\/avantages-sociaux-inami\/","og_site_name":"MySavings","article_publisher":"https:\/\/www.facebook.com\/MySavings.be","article_modified_time":"2021-03-22T12:46:54+00:00","twitter_card":"summary_large_image","twitter_misc":{"Dur\u00e9e de lecture est.":"1 minute"},"schema":{"@context":"https:\/\/schema.org","@graph":[{"@type":"WebPage","@id":"https:\/\/mysavings.be\/fr\/nos-produits\/pension\/inami-avantages-sociaux\/Information\/avantages-sociaux-inami\/","url":"https:\/\/mysavings.be\/fr\/nos-produits\/pension\/inami-avantages-sociaux\/Information\/avantages-sociaux-inami\/","name":"Les avantages sociaux INAMI | MySavings, votre expert pension","isPartOf":{"@id":"https:\/\/mysavings.be\/fr\/#website"},"datePublished":"2021-02-24T21:39:31+00:00","dateModified":"2021-03-22T12:46:54+00:00","description":"D\u00e9couvrez les avantages sociaux INAMI et les plans pensions auxquels vous avez droit en tant que praticien de la sant\u00e9 | MySavings.","breadcrumb":{"@id":"https:\/\/mysavings.be\/fr\/nos-produits\/pension\/inami-avantages-sociaux\/Information\/avantages-sociaux-inami\/#breadcrumb"},"inLanguage":"fr-BE","potentialAction":[{"@type":"ReadAction","target":["https:\/\/mysavings.be\/fr\/nos-produits\/pension\/inami-avantages-sociaux\/Information\/avantages-sociaux-inami\/"]}]},{"@type":"BreadcrumbList","@id":"https:\/\/mysavings.be\/fr\/nos-produits\/pension\/inami-avantages-sociaux\/Information\/avantages-sociaux-inami\/#breadcrumb","itemListElement":[{"@type":"ListItem","position":1,"name":"Home","item":"https:\/\/mysavings.be\/fr\/"},{"@type":"ListItem","position":2,"name":"Produits","item":"https:\/\/mysavings.be\/fr\/nos-produits\/"},{"@type":"ListItem","position":3,"name":"Pension","item":"https:\/\/mysavings.be\/fr\/nos-produits\/pension\/"},{"@type":"ListItem","position":4,"name":"INAMI Avantages sociaux","item":"https:\/\/mysavings.be\/fr\/nos-produits\/pension\/inami-avantages-sociaux\/"},{"@type":"ListItem","position":5,"name":"Avantages sociaux INAMI"}]},{"@type":"WebSite","@id":"https:\/\/mysavings.be\/fr\/#website","url":"https:\/\/mysavings.be\/fr\/","name":"MySavings","description":"Le meilleur choix pour votre assurance-vie\/pension","publisher":{"@id":"https:\/\/mysavings.be\/fr\/#organization"},"potentialAction":[{"@type":"SearchAction","target":{"@type":"EntryPoint","urlTemplate":"https:\/\/mysavings.be\/fr\/?s={search_term_string}"},"query-input":{"@type":"PropertyValueSpecification","valueRequired":true,"valueName":"search_term_string"}}],"inLanguage":"fr-BE"},{"@type":"Organization","@id":"https:\/\/mysavings.be\/fr\/#organization","name":"MySavings","url":"https:\/\/mysavings.be\/fr\/","logo":{"@type":"ImageObject","inLanguage":"fr-BE","@id":"https:\/\/mysavings.be\/fr\/#\/schema\/logo\/image\/","url":"https:\/\/mysavings.be\/wp-content\/uploads\/2021\/03\/mysavings.svg","contentUrl":"https:\/\/mysavings.be\/wp-content\/uploads\/2021\/03\/mysavings.svg","width":219,"height":132,"caption":"MySavings"},"image":{"@id":"https:\/\/mysavings.be\/fr\/#\/schema\/logo\/image\/"},"sameAs":["https:\/\/www.facebook.com\/MySavings.be","https:\/\/www.linkedin.com\/company\/mysavings"]}]}},"_links":{"self":[{"href":"https:\/\/mysavings.be\/fr\/wp-json\/wp\/v2\/product\/893","targetHints":{"allow":["GET"]}}],"collection":[{"href":"https:\/\/mysavings.be\/fr\/wp-json\/wp\/v2\/product"}],"about":[{"href":"https:\/\/mysavings.be\/fr\/wp-json\/wp\/v2\/types\/product"}],"up":[{"embeddable":true,"href":"https:\/\/mysavings.be\/fr\/wp-json\/wp\/v2\/product\/668"}],"wp:attachment":[{"href":"https:\/\/mysavings.be\/fr\/wp-json\/wp\/v2\/attachment?parent=893"}],"curies":[{"name":"wp","href":"https:\/\/api.w.org\/{rel}","templated":true}]}}