{"id":994,"date":"2021-02-24T22:40:01","date_gmt":"2021-02-24T21:40:01","guid":{"rendered":"https:\/\/mysavings.be\/nos-produits\/comparaison-2\/"},"modified":"2024-02-16T17:05:15","modified_gmt":"2024-02-16T16:05:15","slug":"comparaison-2","status":"publish","type":"product","link":"https:\/\/mysavings.be\/fr\/nos-produits\/pension\/pension-libre-complementaire\/Information\/comparaison-2\/","title":{"rendered":"Comparaison"},"content":{"rendered":"<p>A combien s\u2019\u00e9l\u00e8ve la projection de mon capital au terme avec des<strong>\u00a0frais d\u2019entr\u00e9e de 6, 3 ou 0%<\/strong>\u00a0?<\/p>\n<p>L\u2019exemple ci-dessous concerne une personne \u00e2g\u00e9e de 35 ans, rendement moyen de 3% sur les versements, participations b\u00e9n\u00e9ficiaires incluses.<\/p>\n<table style=\"height: 180px; width: 765px;\" border=\"2\" cellspacing=\"1\" cellpadding=\"1\">\n<thead>\n<tr>\n<th scope=\"row\">Prime de 3.965,77 euros \/ Frais d&rsquo;entr\u00e9e<\/th>\n<th scope=\"col\">6%<\/th>\n<th scope=\"col\">3%<\/th>\n<th scope=\"col\">0%<\/th>\n<\/tr>\n<\/thead>\n<tbody>\n<tr>\n<th scope=\"row\">Projection \u00e0 65 ans<\/th>\n<td style=\"text-align: center;\">177.352,77 euros<\/td>\n<td style=\"text-align: center;\">183.012,96 euros<\/td>\n<td style=\"text-align: center;\">188.673,16 euros<\/td>\n<\/tr>\n<tr>\n<th scope=\"row\">Diff\u00e9rence \u00e0 terme<\/th>\n<td style=\"text-align: center;\">&#8211;<\/td>\n<td style=\"text-align: center;\">+ 5.660,19 euros<\/td>\n<td style=\"text-align: center;\"><strong>+ 11.320,39 euros<\/strong><\/td>\n<\/tr>\n<\/tbody>\n<\/table>\n<p><a href=\"https:\/\/mysavings.be\/fr\/nos-produits\/pension\/pension-libre-complementaire\/\">Commencez d\u00e8s aujourd\u2019hui un plan de pension\u00a0via MySavings aux meilleures conditions.<\/a><\/p>\n","protected":false},"excerpt":{"rendered":"<p>A combien s\u2019\u00e9l\u00e8ve la projection de mon capital au terme avec des\u00a0frais d\u2019entr\u00e9e de 6, 3 ou 0%\u00a0? L\u2019exemple ci-dessous concerne une personne \u00e2g\u00e9e de 35 ans, rendement moyen de 3% sur les versements, participations b\u00e9n\u00e9ficiaires incluses. Prime de 3.965,77 euros \/ Frais d&rsquo;entr\u00e9e 6% 3% 0% Projection \u00e0 65 ans 177.352,77 euros 183.012,96 euros [&hellip;]<\/p>\n","protected":false},"featured_media":0,"parent":667,"menu_order":8,"template":"","class_list":["post-994","product","type-product","status-publish","hentry"],"acf":[],"yoast_head":"<!-- This site is optimized with the Yoast SEO plugin v27.3 - https:\/\/yoast.com\/product\/yoast-seo-wordpress\/ -->\n<title>Comparaison de diff\u00e9rentes pensions libres compl\u00e9mentaires l MySavings<\/title>\n<meta name=\"description\" content=\"Vous h\u00e9sitez entre diff\u00e9rentes PLCI ? MySavings compare les formules pour vous afin de trouver celle qui vous convient le mieux.\" \/>\n<meta name=\"robots\" content=\"index, follow, max-snippet:-1, max-image-preview:large, max-video-preview:-1\" \/>\n<link rel=\"canonical\" href=\"https:\/\/mysavings.be\/fr\/nos-produits\/pension\/pension-libre-complementaire\/Information\/comparaison-2\/\" \/>\n<meta property=\"og:locale\" content=\"fr_FR\" \/>\n<meta property=\"og:type\" content=\"article\" \/>\n<meta property=\"og:title\" content=\"Comparaison de diff\u00e9rentes pensions libres compl\u00e9mentaires l MySavings\" \/>\n<meta property=\"og:description\" content=\"Vous h\u00e9sitez entre diff\u00e9rentes PLCI ? MySavings compare les formules pour vous afin de trouver celle qui vous convient le mieux.\" \/>\n<meta property=\"og:url\" content=\"https:\/\/mysavings.be\/fr\/nos-produits\/pension\/pension-libre-complementaire\/Information\/comparaison-2\/\" \/>\n<meta property=\"og:site_name\" content=\"MySavings\" \/>\n<meta property=\"article:publisher\" content=\"https:\/\/www.facebook.com\/MySavings.be\" \/>\n<meta property=\"article:modified_time\" content=\"2024-02-16T16:05:15+00:00\" \/>\n<meta name=\"twitter:card\" content=\"summary_large_image\" \/>\n<meta name=\"twitter:label1\" content=\"Dur\u00e9e de lecture est.\" \/>\n\t<meta name=\"twitter:data1\" content=\"1 minute\" \/>\n<script type=\"application\/ld+json\" class=\"yoast-schema-graph\">{\"@context\":\"https:\\\/\\\/schema.org\",\"@graph\":[{\"@type\":\"WebPage\",\"@id\":\"https:\\\/\\\/mysavings.be\\\/fr\\\/nos-produits\\\/pension\\\/pension-libre-complementaire\\\/Information\\\/comparaison-2\\\/\",\"url\":\"https:\\\/\\\/mysavings.be\\\/fr\\\/nos-produits\\\/pension\\\/pension-libre-complementaire\\\/Information\\\/comparaison-2\\\/\",\"name\":\"Comparaison de diff\u00e9rentes pensions libres compl\u00e9mentaires l MySavings\",\"isPartOf\":{\"@id\":\"https:\\\/\\\/mysavings.be\\\/fr\\\/#website\"},\"datePublished\":\"2021-02-24T21:40:01+00:00\",\"dateModified\":\"2024-02-16T16:05:15+00:00\",\"description\":\"Vous h\u00e9sitez entre diff\u00e9rentes PLCI ? MySavings compare les formules pour vous afin de trouver celle qui vous convient le mieux.\",\"breadcrumb\":{\"@id\":\"https:\\\/\\\/mysavings.be\\\/fr\\\/nos-produits\\\/pension\\\/pension-libre-complementaire\\\/Information\\\/comparaison-2\\\/#breadcrumb\"},\"inLanguage\":\"fr-BE\",\"potentialAction\":[{\"@type\":\"ReadAction\",\"target\":[\"https:\\\/\\\/mysavings.be\\\/fr\\\/nos-produits\\\/pension\\\/pension-libre-complementaire\\\/Information\\\/comparaison-2\\\/\"]}]},{\"@type\":\"BreadcrumbList\",\"@id\":\"https:\\\/\\\/mysavings.be\\\/fr\\\/nos-produits\\\/pension\\\/pension-libre-complementaire\\\/Information\\\/comparaison-2\\\/#breadcrumb\",\"itemListElement\":[{\"@type\":\"ListItem\",\"position\":1,\"name\":\"Home\",\"item\":\"https:\\\/\\\/mysavings.be\\\/fr\\\/\"},{\"@type\":\"ListItem\",\"position\":2,\"name\":\"Produits\",\"item\":\"https:\\\/\\\/mysavings.be\\\/fr\\\/nos-produits\\\/\"},{\"@type\":\"ListItem\",\"position\":3,\"name\":\"Pension\",\"item\":\"https:\\\/\\\/mysavings.be\\\/fr\\\/nos-produits\\\/pension\\\/\"},{\"@type\":\"ListItem\",\"position\":4,\"name\":\"Pension Libre Compl\u00e9mentaire (PLCI)\",\"item\":\"https:\\\/\\\/mysavings.be\\\/fr\\\/nos-produits\\\/pension\\\/pension-libre-complementaire\\\/\"},{\"@type\":\"ListItem\",\"position\":5,\"name\":\"Comparaison\"}]},{\"@type\":\"WebSite\",\"@id\":\"https:\\\/\\\/mysavings.be\\\/fr\\\/#website\",\"url\":\"https:\\\/\\\/mysavings.be\\\/fr\\\/\",\"name\":\"MySavings\",\"description\":\"Le meilleur choix pour votre assurance-vie\\\/pension\",\"publisher\":{\"@id\":\"https:\\\/\\\/mysavings.be\\\/fr\\\/#organization\"},\"potentialAction\":[{\"@type\":\"SearchAction\",\"target\":{\"@type\":\"EntryPoint\",\"urlTemplate\":\"https:\\\/\\\/mysavings.be\\\/fr\\\/?s={search_term_string}\"},\"query-input\":{\"@type\":\"PropertyValueSpecification\",\"valueRequired\":true,\"valueName\":\"search_term_string\"}}],\"inLanguage\":\"fr-BE\"},{\"@type\":\"Organization\",\"@id\":\"https:\\\/\\\/mysavings.be\\\/fr\\\/#organization\",\"name\":\"MySavings\",\"url\":\"https:\\\/\\\/mysavings.be\\\/fr\\\/\",\"logo\":{\"@type\":\"ImageObject\",\"inLanguage\":\"fr-BE\",\"@id\":\"https:\\\/\\\/mysavings.be\\\/fr\\\/#\\\/schema\\\/logo\\\/image\\\/\",\"url\":\"https:\\\/\\\/mysavings.be\\\/wp-content\\\/uploads\\\/2021\\\/03\\\/mysavings.svg\",\"contentUrl\":\"https:\\\/\\\/mysavings.be\\\/wp-content\\\/uploads\\\/2021\\\/03\\\/mysavings.svg\",\"width\":219,\"height\":132,\"caption\":\"MySavings\"},\"image\":{\"@id\":\"https:\\\/\\\/mysavings.be\\\/fr\\\/#\\\/schema\\\/logo\\\/image\\\/\"},\"sameAs\":[\"https:\\\/\\\/www.facebook.com\\\/MySavings.be\",\"https:\\\/\\\/www.linkedin.com\\\/company\\\/mysavings\"]}]}<\/script>\n<!-- \/ Yoast SEO plugin. -->","yoast_head_json":{"title":"Comparaison de diff\u00e9rentes pensions libres compl\u00e9mentaires l MySavings","description":"Vous h\u00e9sitez entre diff\u00e9rentes PLCI ? MySavings compare les formules pour vous afin de trouver celle qui vous convient le mieux.","robots":{"index":"index","follow":"follow","max-snippet":"max-snippet:-1","max-image-preview":"max-image-preview:large","max-video-preview":"max-video-preview:-1"},"canonical":"https:\/\/mysavings.be\/fr\/nos-produits\/pension\/pension-libre-complementaire\/Information\/comparaison-2\/","og_locale":"fr_FR","og_type":"article","og_title":"Comparaison de diff\u00e9rentes pensions libres compl\u00e9mentaires l MySavings","og_description":"Vous h\u00e9sitez entre diff\u00e9rentes PLCI ? MySavings compare les formules pour vous afin de trouver celle qui vous convient le mieux.","og_url":"https:\/\/mysavings.be\/fr\/nos-produits\/pension\/pension-libre-complementaire\/Information\/comparaison-2\/","og_site_name":"MySavings","article_publisher":"https:\/\/www.facebook.com\/MySavings.be","article_modified_time":"2024-02-16T16:05:15+00:00","twitter_card":"summary_large_image","twitter_misc":{"Dur\u00e9e de lecture est.":"1 minute"},"schema":{"@context":"https:\/\/schema.org","@graph":[{"@type":"WebPage","@id":"https:\/\/mysavings.be\/fr\/nos-produits\/pension\/pension-libre-complementaire\/Information\/comparaison-2\/","url":"https:\/\/mysavings.be\/fr\/nos-produits\/pension\/pension-libre-complementaire\/Information\/comparaison-2\/","name":"Comparaison de diff\u00e9rentes pensions libres compl\u00e9mentaires l MySavings","isPartOf":{"@id":"https:\/\/mysavings.be\/fr\/#website"},"datePublished":"2021-02-24T21:40:01+00:00","dateModified":"2024-02-16T16:05:15+00:00","description":"Vous h\u00e9sitez entre diff\u00e9rentes PLCI ? MySavings compare les formules pour vous afin de trouver celle qui vous convient le mieux.","breadcrumb":{"@id":"https:\/\/mysavings.be\/fr\/nos-produits\/pension\/pension-libre-complementaire\/Information\/comparaison-2\/#breadcrumb"},"inLanguage":"fr-BE","potentialAction":[{"@type":"ReadAction","target":["https:\/\/mysavings.be\/fr\/nos-produits\/pension\/pension-libre-complementaire\/Information\/comparaison-2\/"]}]},{"@type":"BreadcrumbList","@id":"https:\/\/mysavings.be\/fr\/nos-produits\/pension\/pension-libre-complementaire\/Information\/comparaison-2\/#breadcrumb","itemListElement":[{"@type":"ListItem","position":1,"name":"Home","item":"https:\/\/mysavings.be\/fr\/"},{"@type":"ListItem","position":2,"name":"Produits","item":"https:\/\/mysavings.be\/fr\/nos-produits\/"},{"@type":"ListItem","position":3,"name":"Pension","item":"https:\/\/mysavings.be\/fr\/nos-produits\/pension\/"},{"@type":"ListItem","position":4,"name":"Pension Libre Compl\u00e9mentaire (PLCI)","item":"https:\/\/mysavings.be\/fr\/nos-produits\/pension\/pension-libre-complementaire\/"},{"@type":"ListItem","position":5,"name":"Comparaison"}]},{"@type":"WebSite","@id":"https:\/\/mysavings.be\/fr\/#website","url":"https:\/\/mysavings.be\/fr\/","name":"MySavings","description":"Le meilleur choix pour votre assurance-vie\/pension","publisher":{"@id":"https:\/\/mysavings.be\/fr\/#organization"},"potentialAction":[{"@type":"SearchAction","target":{"@type":"EntryPoint","urlTemplate":"https:\/\/mysavings.be\/fr\/?s={search_term_string}"},"query-input":{"@type":"PropertyValueSpecification","valueRequired":true,"valueName":"search_term_string"}}],"inLanguage":"fr-BE"},{"@type":"Organization","@id":"https:\/\/mysavings.be\/fr\/#organization","name":"MySavings","url":"https:\/\/mysavings.be\/fr\/","logo":{"@type":"ImageObject","inLanguage":"fr-BE","@id":"https:\/\/mysavings.be\/fr\/#\/schema\/logo\/image\/","url":"https:\/\/mysavings.be\/wp-content\/uploads\/2021\/03\/mysavings.svg","contentUrl":"https:\/\/mysavings.be\/wp-content\/uploads\/2021\/03\/mysavings.svg","width":219,"height":132,"caption":"MySavings"},"image":{"@id":"https:\/\/mysavings.be\/fr\/#\/schema\/logo\/image\/"},"sameAs":["https:\/\/www.facebook.com\/MySavings.be","https:\/\/www.linkedin.com\/company\/mysavings"]}]}},"_links":{"self":[{"href":"https:\/\/mysavings.be\/fr\/wp-json\/wp\/v2\/product\/994","targetHints":{"allow":["GET"]}}],"collection":[{"href":"https:\/\/mysavings.be\/fr\/wp-json\/wp\/v2\/product"}],"about":[{"href":"https:\/\/mysavings.be\/fr\/wp-json\/wp\/v2\/types\/product"}],"up":[{"embeddable":true,"href":"https:\/\/mysavings.be\/fr\/wp-json\/wp\/v2\/product\/667"}],"wp:attachment":[{"href":"https:\/\/mysavings.be\/fr\/wp-json\/wp\/v2\/attachment?parent=994"}],"curies":[{"name":"wp","href":"https:\/\/api.w.org\/{rel}","templated":true}]}}