{"id":7882,"date":"2021-03-30T10:33:08","date_gmt":"2021-03-30T08:33:06","guid":{"rendered":"https:\/\/mysavings.be\/nos-produits\/epargne-durable\/"},"modified":"2023-03-03T15:20:33","modified_gmt":"2023-03-03T14:20:33","slug":"duurzaam-sparen","status":"publish","type":"product","link":"https:\/\/mysavings.be\/nl\/onze-producten\/duurzaam-sparen\/","title":{"rendered":"Duurzaam sparen"},"content":{"rendered":"<p class=\"p1\"><span class=\"s1\">L\u2019INVESTISSEMENT DURABLE EST UN TERME G\u00c9N\u00c9RAL QUI ENGLOBE QUATRE CAT\u00c9GORIES SP\u00c9CIFIQUES :<\/span><\/p>\n<ul class=\"ul1\">\n<li class=\"li2\"><span class=\"s1\">L\u2019investissement ax\u00e9 sur l\u2019impact concret mesurable<\/span><\/li>\n<li class=\"li2\"><span class=\"s1\">ISR \/ Investissement socialement responsable \/ L\u2019investissement socialement responsable vise \u00e0 \u00e9viter les investissements consid\u00e9r\u00e9s comme nuisibles \u00e0 l\u2019\u00e9cologie, au social ou \u00e0 l\u2019\u00e9thique.<\/span><\/li>\n<li class=\"li2\"><span class=\"s1\">\u00a0L\u2019investissement th\u00e9matique s\u2019adresse aux acteurs de march\u00e9 qui rel\u00e8vent des d\u00e9fis sociaux\/environnementaux par le biais de leurs produits et services.<\/span><\/li>\n<li class=\"li2\"><span class=\"s1\">L\u2019int\u00e9gration des ESG (environnement, social et gouvernance) vise \u00e0 obtenir des rendements sup\u00e9rieurs \u00e0 long terme en identifiant les risques et les opportunit\u00e9s<\/span><\/li>\n<\/ul>\n<p class=\"p1\"><span class=\"s1\">Certificat du Forum Ethibel.<br \/>\nRegardez la brochure pour plus d\u2019information.<\/span><\/p>\n<p class=\"p3\"><span class=\"s1\"><b>VERS LA DURABILIT\u00c9\u00a0<\/b><\/span><\/p>\n<p class=\"p1\"><span class=\"s1\">L\u2019investissement durable est un ph\u00e9nom\u00e8ne croissant et mondial<\/span><\/p>\n<p class=\"p1\"><span class=\"s1\">L\u2019int\u00e9gration des questions ESG est l\u2019inclusion explicite et syst\u00e9matique des questions ESG dans l\u2019analyse et les d\u00e9cisions d\u2019investissement.<\/span><\/p>\n<p class=\"p1\"><span class=\"s1\">Selon une \u00e9tude du MSCI, les entreprises ayant une note ESG \u00e9lev\u00e9e affichent g\u00e9n\u00e9ralement une rentabilit\u00e9 plus \u00e9lev\u00e9e, un risque de pertes extr\u00eames plus faible et un risque syst\u00e9mique plus faible.<\/span><\/p>\n","protected":false},"excerpt":{"rendered":"<p>DUURZAAM BELEGGEN IS EEN OVERKOEPELENDE TERM DIE VIER SPECIFIEKE CATEGORIE\u00cbN OMVAT<\/p>\n<p>Impactgericht beleggen street een meetbaar doel na<\/p>\n<p>SRI \/ Sustainable Responsible Investing \/ Maatschappelijk verantwoord beleggen tracht beleggingen te vermijden die als schadelijk worden beschouwd op basis van ecologische , sociale of ethische criteria<\/p>\n","protected":false},"featured_media":7709,"parent":0,"menu_order":6,"template":"","class_list":["post-7882","product","type-product","status-publish","has-post-thumbnail","hentry"],"acf":[],"yoast_head":"<!-- This site is optimized with the Yoast SEO plugin v27.5 - https:\/\/yoast.com\/product\/yoast-seo-wordpress\/ -->\n<title>Duurzaam sparen | verstandig omgaan met uw geld l Mysavings<\/title>\n<meta name=\"description\" content=\"Wil je duurzaam sparen? MySavings biedt u verschillende duurzame spaaroplossingen tegen de beste marktvoorwaarden.\" \/>\n<meta name=\"robots\" content=\"index, follow, max-snippet:-1, max-image-preview:large, max-video-preview:-1\" \/>\n<link rel=\"canonical\" href=\"https:\/\/mysavings.be\/nl\/onze-producten\/duurzaam-sparen\/\" \/>\n<meta property=\"og:locale\" content=\"nl_BE\" \/>\n<meta property=\"og:type\" content=\"article\" \/>\n<meta property=\"og:title\" content=\"Duurzaam sparen | verstandig omgaan met uw geld l Mysavings\" \/>\n<meta property=\"og:description\" content=\"Wil je duurzaam sparen? MySavings biedt u verschillende duurzame spaaroplossingen tegen de beste marktvoorwaarden.\" \/>\n<meta property=\"og:url\" content=\"https:\/\/mysavings.be\/nl\/onze-producten\/duurzaam-sparen\/\" \/>\n<meta property=\"og:site_name\" content=\"MySavings\" \/>\n<meta property=\"article:publisher\" content=\"https:\/\/www.facebook.com\/MySavings.be\" \/>\n<meta property=\"article:modified_time\" content=\"2023-03-03T14:20:33+00:00\" \/>\n<meta property=\"og:image\" content=\"https:\/\/mysavings.be\/wp-content\/uploads\/2021\/03\/epargne-durable-scaled.jpg\" \/>\n\t<meta property=\"og:image:width\" content=\"2560\" \/>\n\t<meta property=\"og:image:height\" content=\"1466\" \/>\n\t<meta property=\"og:image:type\" content=\"image\/jpeg\" \/>\n<meta name=\"twitter:card\" content=\"summary_large_image\" \/>\n<meta name=\"twitter:label1\" content=\"Geschatte leestijd\" \/>\n\t<meta name=\"twitter:data1\" content=\"1 minuut\" \/>\n<script type=\"application\/ld+json\" class=\"yoast-schema-graph\">{\"@context\":\"https:\\\/\\\/schema.org\",\"@graph\":[{\"@type\":\"WebPage\",\"@id\":\"https:\\\/\\\/mysavings.be\\\/nl\\\/onze-producten\\\/duurzaam-sparen\\\/\",\"url\":\"https:\\\/\\\/mysavings.be\\\/nl\\\/onze-producten\\\/duurzaam-sparen\\\/\",\"name\":\"Duurzaam sparen | verstandig omgaan met uw geld l Mysavings\",\"isPartOf\":{\"@id\":\"https:\\\/\\\/mysavings.be\\\/nl\\\/#website\"},\"primaryImageOfPage\":{\"@id\":\"https:\\\/\\\/mysavings.be\\\/nl\\\/onze-producten\\\/duurzaam-sparen\\\/#primaryimage\"},\"image\":{\"@id\":\"https:\\\/\\\/mysavings.be\\\/nl\\\/onze-producten\\\/duurzaam-sparen\\\/#primaryimage\"},\"thumbnailUrl\":\"https:\\\/\\\/mysavings.be\\\/wp-content\\\/uploads\\\/2021\\\/03\\\/epargne-durable-scaled.jpg\",\"datePublished\":\"2021-03-30T08:33:06+00:00\",\"dateModified\":\"2023-03-03T14:20:33+00:00\",\"description\":\"Wil je duurzaam sparen? MySavings biedt u verschillende duurzame spaaroplossingen tegen de beste marktvoorwaarden.\",\"breadcrumb\":{\"@id\":\"https:\\\/\\\/mysavings.be\\\/nl\\\/onze-producten\\\/duurzaam-sparen\\\/#breadcrumb\"},\"inLanguage\":\"nl-BE\",\"potentialAction\":[{\"@type\":\"ReadAction\",\"target\":[\"https:\\\/\\\/mysavings.be\\\/nl\\\/onze-producten\\\/duurzaam-sparen\\\/\"]}]},{\"@type\":\"ImageObject\",\"inLanguage\":\"nl-BE\",\"@id\":\"https:\\\/\\\/mysavings.be\\\/nl\\\/onze-producten\\\/duurzaam-sparen\\\/#primaryimage\",\"url\":\"https:\\\/\\\/mysavings.be\\\/wp-content\\\/uploads\\\/2021\\\/03\\\/epargne-durable-scaled.jpg\",\"contentUrl\":\"https:\\\/\\\/mysavings.be\\\/wp-content\\\/uploads\\\/2021\\\/03\\\/epargne-durable-scaled.jpg\",\"width\":2560,\"height\":1466,\"caption\":\"Duurzame besparingen\"},{\"@type\":\"BreadcrumbList\",\"@id\":\"https:\\\/\\\/mysavings.be\\\/nl\\\/onze-producten\\\/duurzaam-sparen\\\/#breadcrumb\",\"itemListElement\":[{\"@type\":\"ListItem\",\"position\":1,\"name\":\"Home\",\"item\":\"https:\\\/\\\/mysavings.be\\\/nl\\\/\"},{\"@type\":\"ListItem\",\"position\":2,\"name\":\"Producten\",\"item\":\"https:\\\/\\\/mysavings.be\\\/nl\\\/onze-producten\\\/\"},{\"@type\":\"ListItem\",\"position\":3,\"name\":\"Duurzaam sparen\"}]},{\"@type\":\"WebSite\",\"@id\":\"https:\\\/\\\/mysavings.be\\\/nl\\\/#website\",\"url\":\"https:\\\/\\\/mysavings.be\\\/nl\\\/\",\"name\":\"MySavings\",\"description\":\"De beste keuze voor uw levens- &amp; pensioenverzekering\",\"publisher\":{\"@id\":\"https:\\\/\\\/mysavings.be\\\/nl\\\/#organization\"},\"potentialAction\":[{\"@type\":\"SearchAction\",\"target\":{\"@type\":\"EntryPoint\",\"urlTemplate\":\"https:\\\/\\\/mysavings.be\\\/nl\\\/?s={search_term_string}\"},\"query-input\":{\"@type\":\"PropertyValueSpecification\",\"valueRequired\":true,\"valueName\":\"search_term_string\"}}],\"inLanguage\":\"nl-BE\"},{\"@type\":\"Organization\",\"@id\":\"https:\\\/\\\/mysavings.be\\\/nl\\\/#organization\",\"name\":\"MySavings\",\"url\":\"https:\\\/\\\/mysavings.be\\\/nl\\\/\",\"logo\":{\"@type\":\"ImageObject\",\"inLanguage\":\"nl-BE\",\"@id\":\"https:\\\/\\\/mysavings.be\\\/nl\\\/#\\\/schema\\\/logo\\\/image\\\/\",\"url\":\"https:\\\/\\\/mysavings.be\\\/wp-content\\\/uploads\\\/2021\\\/03\\\/mysavings.svg\",\"contentUrl\":\"https:\\\/\\\/mysavings.be\\\/wp-content\\\/uploads\\\/2021\\\/03\\\/mysavings.svg\",\"width\":219,\"height\":132,\"caption\":\"MySavings\"},\"image\":{\"@id\":\"https:\\\/\\\/mysavings.be\\\/nl\\\/#\\\/schema\\\/logo\\\/image\\\/\"},\"sameAs\":[\"https:\\\/\\\/www.facebook.com\\\/MySavings.be\",\"https:\\\/\\\/www.linkedin.com\\\/company\\\/mysavings\"]}]}<\/script>\n<!-- \/ Yoast SEO plugin. -->","yoast_head_json":{"title":"Duurzaam sparen | verstandig omgaan met uw geld l Mysavings","description":"Wil je duurzaam sparen? MySavings biedt u verschillende duurzame spaaroplossingen tegen de beste marktvoorwaarden.","robots":{"index":"index","follow":"follow","max-snippet":"max-snippet:-1","max-image-preview":"max-image-preview:large","max-video-preview":"max-video-preview:-1"},"canonical":"https:\/\/mysavings.be\/nl\/onze-producten\/duurzaam-sparen\/","og_locale":"nl_BE","og_type":"article","og_title":"Duurzaam sparen | verstandig omgaan met uw geld l Mysavings","og_description":"Wil je duurzaam sparen? MySavings biedt u verschillende duurzame spaaroplossingen tegen de beste marktvoorwaarden.","og_url":"https:\/\/mysavings.be\/nl\/onze-producten\/duurzaam-sparen\/","og_site_name":"MySavings","article_publisher":"https:\/\/www.facebook.com\/MySavings.be","article_modified_time":"2023-03-03T14:20:33+00:00","og_image":[{"width":2560,"height":1466,"url":"https:\/\/mysavings.be\/wp-content\/uploads\/2021\/03\/epargne-durable-scaled.jpg","type":"image\/jpeg"}],"twitter_card":"summary_large_image","twitter_misc":{"Geschatte leestijd":"1 minuut"},"schema":{"@context":"https:\/\/schema.org","@graph":[{"@type":"WebPage","@id":"https:\/\/mysavings.be\/nl\/onze-producten\/duurzaam-sparen\/","url":"https:\/\/mysavings.be\/nl\/onze-producten\/duurzaam-sparen\/","name":"Duurzaam sparen | verstandig omgaan met uw geld l Mysavings","isPartOf":{"@id":"https:\/\/mysavings.be\/nl\/#website"},"primaryImageOfPage":{"@id":"https:\/\/mysavings.be\/nl\/onze-producten\/duurzaam-sparen\/#primaryimage"},"image":{"@id":"https:\/\/mysavings.be\/nl\/onze-producten\/duurzaam-sparen\/#primaryimage"},"thumbnailUrl":"https:\/\/mysavings.be\/wp-content\/uploads\/2021\/03\/epargne-durable-scaled.jpg","datePublished":"2021-03-30T08:33:06+00:00","dateModified":"2023-03-03T14:20:33+00:00","description":"Wil je duurzaam sparen? MySavings biedt u verschillende duurzame spaaroplossingen tegen de beste marktvoorwaarden.","breadcrumb":{"@id":"https:\/\/mysavings.be\/nl\/onze-producten\/duurzaam-sparen\/#breadcrumb"},"inLanguage":"nl-BE","potentialAction":[{"@type":"ReadAction","target":["https:\/\/mysavings.be\/nl\/onze-producten\/duurzaam-sparen\/"]}]},{"@type":"ImageObject","inLanguage":"nl-BE","@id":"https:\/\/mysavings.be\/nl\/onze-producten\/duurzaam-sparen\/#primaryimage","url":"https:\/\/mysavings.be\/wp-content\/uploads\/2021\/03\/epargne-durable-scaled.jpg","contentUrl":"https:\/\/mysavings.be\/wp-content\/uploads\/2021\/03\/epargne-durable-scaled.jpg","width":2560,"height":1466,"caption":"Duurzame besparingen"},{"@type":"BreadcrumbList","@id":"https:\/\/mysavings.be\/nl\/onze-producten\/duurzaam-sparen\/#breadcrumb","itemListElement":[{"@type":"ListItem","position":1,"name":"Home","item":"https:\/\/mysavings.be\/nl\/"},{"@type":"ListItem","position":2,"name":"Producten","item":"https:\/\/mysavings.be\/nl\/onze-producten\/"},{"@type":"ListItem","position":3,"name":"Duurzaam sparen"}]},{"@type":"WebSite","@id":"https:\/\/mysavings.be\/nl\/#website","url":"https:\/\/mysavings.be\/nl\/","name":"MySavings","description":"De beste keuze voor uw levens- &amp; pensioenverzekering","publisher":{"@id":"https:\/\/mysavings.be\/nl\/#organization"},"potentialAction":[{"@type":"SearchAction","target":{"@type":"EntryPoint","urlTemplate":"https:\/\/mysavings.be\/nl\/?s={search_term_string}"},"query-input":{"@type":"PropertyValueSpecification","valueRequired":true,"valueName":"search_term_string"}}],"inLanguage":"nl-BE"},{"@type":"Organization","@id":"https:\/\/mysavings.be\/nl\/#organization","name":"MySavings","url":"https:\/\/mysavings.be\/nl\/","logo":{"@type":"ImageObject","inLanguage":"nl-BE","@id":"https:\/\/mysavings.be\/nl\/#\/schema\/logo\/image\/","url":"https:\/\/mysavings.be\/wp-content\/uploads\/2021\/03\/mysavings.svg","contentUrl":"https:\/\/mysavings.be\/wp-content\/uploads\/2021\/03\/mysavings.svg","width":219,"height":132,"caption":"MySavings"},"image":{"@id":"https:\/\/mysavings.be\/nl\/#\/schema\/logo\/image\/"},"sameAs":["https:\/\/www.facebook.com\/MySavings.be","https:\/\/www.linkedin.com\/company\/mysavings"]}]}},"_links":{"self":[{"href":"https:\/\/mysavings.be\/nl\/wp-json\/wp\/v2\/product\/7882","targetHints":{"allow":["GET"]}}],"collection":[{"href":"https:\/\/mysavings.be\/nl\/wp-json\/wp\/v2\/product"}],"about":[{"href":"https:\/\/mysavings.be\/nl\/wp-json\/wp\/v2\/types\/product"}],"wp:featuredmedia":[{"embeddable":true,"href":"https:\/\/mysavings.be\/nl\/wp-json\/wp\/v2\/attachment\/7709"}],"wp:attachment":[{"href":"https:\/\/mysavings.be\/nl\/wp-json\/wp\/v2\/attachment?parent=7882"}],"curies":[{"name":"wp","href":"https:\/\/api.w.org\/{rel}","templated":true}]}}